{"id":1234,"date":"2024-07-13T23:45:19","date_gmt":"2024-07-13T21:45:19","guid":{"rendered":"https:\/\/chinacars.cl\/?post_type=product&#038;p=1234"},"modified":"2025-07-24T00:14:26","modified_gmt":"2025-07-23T22:14:26","slug":"termostato-chev-onix-1-4","status":"publish","type":"product","link":"https:\/\/chinacars.cl\/?product=termostato-chev-onix-1-4","title":{"rendered":"TERMOSTATO CHEV ONIX 1.4"},"content":{"rendered":"<p>Algunos de los s\u00edntomas m\u00e1s comunes que podr\u00edan indicar que el termostato del autom\u00f3vil necesita ser reemplazado son Sobrecalentamientos del motor frecuentemente, Temperatura del motor inestable, Calentamiento lento del motor, tomando demasiado tiempo en llegar a temperatura ideal de trabajo, Consumo excesivo de combustible, Falta de calor en el habit\u00e1culo, Fugas de L\u00edquido refrigerante visible en el suelo.<\/p>\n<p>Si experimentas alguno de estos s\u00edntomas, es importante que lleves tu veh\u00edculo a un mec\u00e1nico de confianza para que realice una inspecci\u00f3n y determine si es necesario reemplazar.<\/p>\n","protected":false},"excerpt":{"rendered":"<p>Termostato Original Chevrolet Onix 1.4 2017-2020<\/p>\n","protected":false},"featured_media":1235,"comment_status":"open","ping_status":"closed","template":"","meta":[],"product_brand":[],"product_cat":[26,59,58],"product_tag":[28],"class_list":{"0":"post-1234","1":"product","2":"type-product","3":"status-publish","4":"has-post-thumbnail","6":"product_cat-chevrolet","7":"product_cat-refrigeracion","8":"product_cat-termostato","9":"product_tag-chevrolet","11":"first","12":"outofstock","13":"shipping-taxable","14":"purchasable","15":"product-type-simple"},"jetpack_sharing_enabled":true,"_links":{"self":[{"href":"https:\/\/chinacars.cl\/index.php?rest_route=\/wp\/v2\/product\/1234","targetHints":{"allow":["GET"]}}],"collection":[{"href":"https:\/\/chinacars.cl\/index.php?rest_route=\/wp\/v2\/product"}],"about":[{"href":"https:\/\/chinacars.cl\/index.php?rest_route=\/wp\/v2\/types\/product"}],"replies":[{"embeddable":true,"href":"https:\/\/chinacars.cl\/index.php?rest_route=%2Fwp%2Fv2%2Fcomments&post=1234"}],"wp:featuredmedia":[{"embeddable":true,"href":"https:\/\/chinacars.cl\/index.php?rest_route=\/wp\/v2\/media\/1235"}],"wp:attachment":[{"href":"https:\/\/chinacars.cl\/index.php?rest_route=%2Fwp%2Fv2%2Fmedia&parent=1234"}],"wp:term":[{"taxonomy":"product_brand","embeddable":true,"href":"https:\/\/chinacars.cl\/index.php?rest_route=%2Fwp%2Fv2%2Fproduct_brand&post=1234"},{"taxonomy":"product_cat","embeddable":true,"href":"https:\/\/chinacars.cl\/index.php?rest_route=%2Fwp%2Fv2%2Fproduct_cat&post=1234"},{"taxonomy":"product_tag","embeddable":true,"href":"https:\/\/chinacars.cl\/index.php?rest_route=%2Fwp%2Fv2%2Fproduct_tag&post=1234"}],"curies":[{"name":"wp","href":"https:\/\/api.w.org\/{rel}","templated":true}]}}