{"id":1245,"date":"2024-07-14T00:29:18","date_gmt":"2024-07-13T22:29:18","guid":{"rendered":"https:\/\/chinacars.cl\/?post_type=product&#038;p=1245"},"modified":"2025-07-24T00:13:38","modified_gmt":"2025-07-23T22:13:38","slug":"correa-distribucion-chev-onix-1-4","status":"publish","type":"product","link":"https:\/\/chinacars.cl\/?product=correa-distribucion-chev-onix-1-4","title":{"rendered":"CORREA DISTRIBUCION CHEV ONIX 1.4"},"content":{"rendered":"<p>La mayor\u00eda de los fabricantes de autom\u00f3viles especifican un intervalo de cambio de la correa de distribuci\u00f3n en t\u00e9rminos de kil\u00f3metros recorridos o a\u00f1os de servicio. Si tu veh\u00edculo ha alcanzado este intervalo sin que se haya cambiado la correa, es importante considerar hacerlo pronto para evitar problemas graves, es crucial seguir las recomendaciones del fabricante para el cambio de la correa de distribuci\u00f3n, ya que un fallo en esta pieza puede causar da\u00f1os severos al motor.<\/p>\n<p>Algunos de los s\u00edntomas que podr\u00edan indicar que la correa de distribuci\u00f3n necesita ser cambiada son ruido inusual proveniente del motor, vibraciones o sacudidas del motor, problemas de arranque, perdida de potencia, fugas de liquido refrigerante o aceite, aumento en el consumo de combustible.<\/p>\n<p>Si experimentas alguno de estos s\u00edntomas, es importante que lleves tu veh\u00edculo a un mec\u00e1nico de confianza para que realice una inspecci\u00f3n y determine si es necesario reemplazar.<\/p>\n<p>&nbsp;<\/p>\n","protected":false},"excerpt":{"rendered":"<p>Correa Alternador y Bomba de Direcci\u00f3n Original Chevrolet Onix 1.4 2017-2020<\/p>\n","protected":false},"featured_media":1261,"comment_status":"open","ping_status":"closed","template":"","meta":[],"product_brand":[],"product_cat":[26,57,55],"product_tag":[28],"class_list":{"0":"post-1245","1":"product","2":"type-product","3":"status-publish","4":"has-post-thumbnail","6":"product_cat-chevrolet","7":"product_cat-correa-de-distribucion","8":"product_cat-distribucion","9":"product_tag-chevrolet","11":"first","12":"outofstock","13":"shipping-taxable","14":"purchasable","15":"product-type-simple"},"jetpack_sharing_enabled":true,"_links":{"self":[{"href":"https:\/\/chinacars.cl\/index.php?rest_route=\/wp\/v2\/product\/1245","targetHints":{"allow":["GET"]}}],"collection":[{"href":"https:\/\/chinacars.cl\/index.php?rest_route=\/wp\/v2\/product"}],"about":[{"href":"https:\/\/chinacars.cl\/index.php?rest_route=\/wp\/v2\/types\/product"}],"replies":[{"embeddable":true,"href":"https:\/\/chinacars.cl\/index.php?rest_route=%2Fwp%2Fv2%2Fcomments&post=1245"}],"wp:featuredmedia":[{"embeddable":true,"href":"https:\/\/chinacars.cl\/index.php?rest_route=\/wp\/v2\/media\/1261"}],"wp:attachment":[{"href":"https:\/\/chinacars.cl\/index.php?rest_route=%2Fwp%2Fv2%2Fmedia&parent=1245"}],"wp:term":[{"taxonomy":"product_brand","embeddable":true,"href":"https:\/\/chinacars.cl\/index.php?rest_route=%2Fwp%2Fv2%2Fproduct_brand&post=1245"},{"taxonomy":"product_cat","embeddable":true,"href":"https:\/\/chinacars.cl\/index.php?rest_route=%2Fwp%2Fv2%2Fproduct_cat&post=1245"},{"taxonomy":"product_tag","embeddable":true,"href":"https:\/\/chinacars.cl\/index.php?rest_route=%2Fwp%2Fv2%2Fproduct_tag&post=1245"}],"curies":[{"name":"wp","href":"https:\/\/api.w.org\/{rel}","templated":true}]}}