{"id":1263,"date":"2024-07-14T01:18:08","date_gmt":"2024-07-13T23:18:08","guid":{"rendered":"https:\/\/chinacars.cl\/?post_type=product&#038;p=1263"},"modified":"2025-07-24T00:13:26","modified_gmt":"2025-07-23T22:13:26","slug":"tensor-correa-distribucion-chev-onix-1-4","status":"publish","type":"product","link":"https:\/\/chinacars.cl\/?product=tensor-correa-distribucion-chev-onix-1-4","title":{"rendered":"TENSOR CORREA DISTRIBUCION CHEV ONIX 1.4"},"content":{"rendered":"<p>El tensor es una parte crucial del sistema de distribuci\u00f3n del motor, ya que se encarga de mantener la tensi\u00f3n adecuada en la correa de distribuci\u00f3n, algunos de los s\u00edntomas que podr\u00edan indicar que\u00a0 necesita ser cambiado son ruidos provenientes del motor, este ruido puede ser un chirrido, un zumbido o incluso un golpeteo, especialmente cuando el motor est\u00e1 en marcha.<\/p>\n<p>Vibraciones inusuales, desgaste prematuro de la correa, rendimiento del motor inconsistente, luz indicadora en el tablero, Algunos veh\u00edculos modernos est\u00e1n equipados con sistemas de monitoreo que alertan sobre problemas relacionados con la distribuci\u00f3n del motor.<\/p>\n<p>Si experimentas alguno de estos s\u00edntomas, es importante que lleves tu veh\u00edculo a un mec\u00e1nico de confianza para que realice una inspecci\u00f3n y determine si es necesario reemplazar.<\/p>\n","protected":false},"excerpt":{"rendered":"<p>Tensor Correa Distribuci\u00f3n Original Chevrolet Onix 1.4 2017-2020<\/p>\n","protected":false},"featured_media":1264,"comment_status":"open","ping_status":"closed","template":"","meta":[],"product_brand":[],"product_cat":[26,55,61],"product_tag":[28],"class_list":{"0":"post-1263","1":"product","2":"type-product","3":"status-publish","4":"has-post-thumbnail","6":"product_cat-chevrolet","7":"product_cat-distribucion","8":"product_cat-tensor-distribucion","9":"product_tag-chevrolet","11":"first","12":"outofstock","13":"shipping-taxable","14":"purchasable","15":"product-type-simple"},"jetpack_sharing_enabled":true,"_links":{"self":[{"href":"https:\/\/chinacars.cl\/index.php?rest_route=\/wp\/v2\/product\/1263","targetHints":{"allow":["GET"]}}],"collection":[{"href":"https:\/\/chinacars.cl\/index.php?rest_route=\/wp\/v2\/product"}],"about":[{"href":"https:\/\/chinacars.cl\/index.php?rest_route=\/wp\/v2\/types\/product"}],"replies":[{"embeddable":true,"href":"https:\/\/chinacars.cl\/index.php?rest_route=%2Fwp%2Fv2%2Fcomments&post=1263"}],"wp:featuredmedia":[{"embeddable":true,"href":"https:\/\/chinacars.cl\/index.php?rest_route=\/wp\/v2\/media\/1264"}],"wp:attachment":[{"href":"https:\/\/chinacars.cl\/index.php?rest_route=%2Fwp%2Fv2%2Fmedia&parent=1263"}],"wp:term":[{"taxonomy":"product_brand","embeddable":true,"href":"https:\/\/chinacars.cl\/index.php?rest_route=%2Fwp%2Fv2%2Fproduct_brand&post=1263"},{"taxonomy":"product_cat","embeddable":true,"href":"https:\/\/chinacars.cl\/index.php?rest_route=%2Fwp%2Fv2%2Fproduct_cat&post=1263"},{"taxonomy":"product_tag","embeddable":true,"href":"https:\/\/chinacars.cl\/index.php?rest_route=%2Fwp%2Fv2%2Fproduct_tag&post=1263"}],"curies":[{"name":"wp","href":"https:\/\/api.w.org\/{rel}","templated":true}]}}