{"id":1287,"date":"2024-07-14T21:21:23","date_gmt":"2024-07-14T19:21:23","guid":{"rendered":"https:\/\/chinacars.cl\/?post_type=product&#038;p=1287"},"modified":"2025-07-24T00:16:01","modified_gmt":"2025-07-23T22:16:01","slug":"sensor-detonacion-chev-onix-1-4","status":"publish","type":"product","link":"https:\/\/chinacars.cl\/?product=sensor-detonacion-chev-onix-1-4","title":{"rendered":"SENSOR DETONACION CHEV ONIX 1.4"},"content":{"rendered":"<p>Algunos s\u00edntomas que podr\u00edan indicar que el sensor de detonaci\u00f3n necesita ser revisado o cambiado son ruidos de golpeteo o cascabeleo, el s\u00edntoma m\u00e1s evidente de un problema con el sensor de detonaci\u00f3n es escuchar uno de estos ruidos proveniente del motor, p\u00e9rdida de potencia, especialmente al acelerar o al subir pendientes, rendimiento del motor irregular, aumento en el consumo de combustible, bajo desempe\u00f1o del veh\u00edculo en pendientes teniendo dificultades para acelerar el veh\u00edculo en terrenos elevados o monta\u00f1osos.<\/p>\n<p>Luces indicadoras en el tablero, como la luz de &#8220;Check Engine&#8221; (Revisar motor) o una luz espec\u00edfica de detonaci\u00f3n.<\/p>\n<p>Si experimentas alguno de estos s\u00edntomas, es importante que lleves tu veh\u00edculo a un mec\u00e1nico de confianza para que realice una inspecci\u00f3n y determine si es necesario reemplazar.<\/p>\n","protected":false},"excerpt":{"rendered":"<p>Sensor de Detonaci\u00f3n Original Chevrolet Onix 1.4 2017-2020<\/p>\n","protected":false},"featured_media":1288,"comment_status":"open","ping_status":"closed","template":"","meta":[],"product_brand":[],"product_cat":[26,65,60],"product_tag":[16,28],"class_list":{"0":"post-1287","1":"product","2":"type-product","3":"status-publish","4":"has-post-thumbnail","6":"product_cat-chevrolet","7":"product_cat-sensor-detonacion","8":"product_cat-sensores","9":"product_tag-bujias-encendido","10":"product_tag-chevrolet","12":"first","13":"outofstock","14":"shipping-taxable","15":"purchasable","16":"product-type-simple"},"jetpack_sharing_enabled":true,"_links":{"self":[{"href":"https:\/\/chinacars.cl\/index.php?rest_route=\/wp\/v2\/product\/1287","targetHints":{"allow":["GET"]}}],"collection":[{"href":"https:\/\/chinacars.cl\/index.php?rest_route=\/wp\/v2\/product"}],"about":[{"href":"https:\/\/chinacars.cl\/index.php?rest_route=\/wp\/v2\/types\/product"}],"replies":[{"embeddable":true,"href":"https:\/\/chinacars.cl\/index.php?rest_route=%2Fwp%2Fv2%2Fcomments&post=1287"}],"wp:featuredmedia":[{"embeddable":true,"href":"https:\/\/chinacars.cl\/index.php?rest_route=\/wp\/v2\/media\/1288"}],"wp:attachment":[{"href":"https:\/\/chinacars.cl\/index.php?rest_route=%2Fwp%2Fv2%2Fmedia&parent=1287"}],"wp:term":[{"taxonomy":"product_brand","embeddable":true,"href":"https:\/\/chinacars.cl\/index.php?rest_route=%2Fwp%2Fv2%2Fproduct_brand&post=1287"},{"taxonomy":"product_cat","embeddable":true,"href":"https:\/\/chinacars.cl\/index.php?rest_route=%2Fwp%2Fv2%2Fproduct_cat&post=1287"},{"taxonomy":"product_tag","embeddable":true,"href":"https:\/\/chinacars.cl\/index.php?rest_route=%2Fwp%2Fv2%2Fproduct_tag&post=1287"}],"curies":[{"name":"wp","href":"https:\/\/api.w.org\/{rel}","templated":true}]}}