{"id":1311,"date":"2024-07-15T03:27:15","date_gmt":"2024-07-15T01:27:15","guid":{"rendered":"https:\/\/chinacars.cl\/?post_type=product&#038;p=1311"},"modified":"2025-07-24T00:10:44","modified_gmt":"2025-07-23T22:10:44","slug":"empaquetadura-culata-chev-onix-1-4","status":"publish","type":"product","link":"https:\/\/chinacars.cl\/?product=empaquetadura-culata-chev-onix-1-4","title":{"rendered":"EMPAQUETADURA CULATA CHEV ONIX 1.4"},"content":{"rendered":"<p>Algunos s\u00edntomas que podr\u00edan indicar que la empaquetadura de la culata necesita ser reemplazada son fugas de l\u00edquido refrigerante, puedes notar fugas visibles debajo del motor, especialmente hacia el lado o la parte posterior del motor, fugas de aceite, una empaquetadura de culata defectuosa tambi\u00e9n puede causar fugas de aceite dejando manchas de aceite debajo del motor o alrededor de la junta de la culata, sobrecalentamiento del motor, una empaquetadura da\u00f1ada puede permitir que el refrigerante se filtre hacia las c\u00e1maras de combusti\u00f3n o hacia el c\u00e1rter del aceite, exceso de humo en el escape esto puede producir humo blanco o gris azulado en el escape, especialmente al arrancar el motor en fr\u00edo, presencia de burbujas en el radiador, rendimiento del motor irregular, p\u00e9rdida de potencia o tirones durante la aceleraci\u00f3n, comprobaci\u00f3n de aceite, si el aceite en el c\u00e1rter se ve de un color blanco o &#8220;emulsionado&#8221;, puede ser un indicio de que el l\u00edquido refrigerante est\u00e1 mezclado con el aceite debido a una fuga en la empaquetadura de la culata.<\/p>\n<p>Si experimentas alguno de estos s\u00edntomas, es importante que lleves tu veh\u00edculo a un mec\u00e1nico de confianza para que realice una inspecci\u00f3n y determine si es necesario reemplazar.<\/p>\n","protected":false},"excerpt":{"rendered":"<p>Empaquetadura de Culata Original Chevrolet Onix 1.4 2017-2020<\/p>\n","protected":false},"featured_media":1312,"comment_status":"open","ping_status":"closed","template":"","meta":[],"product_brand":[],"product_cat":[26,70,71],"product_tag":[16,28],"class_list":{"0":"post-1311","1":"product","2":"type-product","3":"status-publish","4":"has-post-thumbnail","6":"product_cat-chevrolet","7":"product_cat-empaquetaduras","8":"product_cat-motor","9":"product_tag-bujias-encendido","10":"product_tag-chevrolet","12":"first","13":"outofstock","14":"shipping-taxable","15":"purchasable","16":"product-type-simple"},"jetpack_sharing_enabled":true,"_links":{"self":[{"href":"https:\/\/chinacars.cl\/index.php?rest_route=\/wp\/v2\/product\/1311","targetHints":{"allow":["GET"]}}],"collection":[{"href":"https:\/\/chinacars.cl\/index.php?rest_route=\/wp\/v2\/product"}],"about":[{"href":"https:\/\/chinacars.cl\/index.php?rest_route=\/wp\/v2\/types\/product"}],"replies":[{"embeddable":true,"href":"https:\/\/chinacars.cl\/index.php?rest_route=%2Fwp%2Fv2%2Fcomments&post=1311"}],"wp:featuredmedia":[{"embeddable":true,"href":"https:\/\/chinacars.cl\/index.php?rest_route=\/wp\/v2\/media\/1312"}],"wp:attachment":[{"href":"https:\/\/chinacars.cl\/index.php?rest_route=%2Fwp%2Fv2%2Fmedia&parent=1311"}],"wp:term":[{"taxonomy":"product_brand","embeddable":true,"href":"https:\/\/chinacars.cl\/index.php?rest_route=%2Fwp%2Fv2%2Fproduct_brand&post=1311"},{"taxonomy":"product_cat","embeddable":true,"href":"https:\/\/chinacars.cl\/index.php?rest_route=%2Fwp%2Fv2%2Fproduct_cat&post=1311"},{"taxonomy":"product_tag","embeddable":true,"href":"https:\/\/chinacars.cl\/index.php?rest_route=%2Fwp%2Fv2%2Fproduct_tag&post=1311"}],"curies":[{"name":"wp","href":"https:\/\/api.w.org\/{rel}","templated":true}]}}