{"id":1332,"date":"2024-07-15T05:32:07","date_gmt":"2024-07-15T03:32:07","guid":{"rendered":"https:\/\/chinacars.cl\/?post_type=product&#038;p=1332"},"modified":"2025-07-23T23:55:29","modified_gmt":"2025-07-23T21:55:29","slug":"riel-combustible-chev-onix-1-4","status":"publish","type":"product","link":"https:\/\/chinacars.cl\/?product=riel-combustible-chev-onix-1-4","title":{"rendered":"RIEL COMBUSTIBLE CHEV ONIX 1.4"},"content":{"rendered":"<p>Algunos s\u00edntomas comunes que podr\u00edan indicar problemas con el riel de combustible son fugas de combustible, filtraciones o fugas de combustible visibles en la parte exterior del riel, causadas por conexiones sueltas, juntas defectuosas o incluso grietas en el riel mismo, presi\u00f3n de combustible incorrecta, generando dificultades para arrancar el motor, p\u00e9rdida de potencia durante la aceleraci\u00f3n o fallos en el motor, rendimiento del motor irregular, el motor puede experimentar fallos, tirones o una aceleraci\u00f3n agresiva afectando la respuesta del motor y su eficiencia en general, olor a gasolina dentro o fuera del veh\u00edculo<\/p>\n<p>C\u00f3digos de error o luces indicadoras, en algunos casos, un riel de combustible defectuoso puede activar la luz del motor de servicio \u201cCheck Engine\u201d en el tablero.<\/p>\n<p>Si experimentas alguno de estos s\u00edntomas, es importante que lleves tu veh\u00edculo a un mec\u00e1nico de confianza para que realice una inspecci\u00f3n y determine si es necesario reemplazar.<\/p>\n","protected":false},"excerpt":{"rendered":"<p>Riel de Combustible Original Chevrolet Onix 1.4 2017-2020<\/p>\n","protected":false},"featured_media":1333,"comment_status":"open","ping_status":"closed","template":"","meta":[],"product_brand":[],"product_cat":[26,37,75,74],"product_tag":[28],"class_list":{"0":"post-1332","1":"product","2":"type-product","3":"status-publish","4":"has-post-thumbnail","6":"product_cat-chevrolet","7":"product_cat-encendido","8":"product_cat-inyeccion","9":"product_cat-riel-de-combustible","10":"product_tag-chevrolet","12":"first","13":"outofstock","14":"shipping-taxable","15":"purchasable","16":"product-type-simple"},"jetpack_sharing_enabled":true,"_links":{"self":[{"href":"https:\/\/chinacars.cl\/index.php?rest_route=\/wp\/v2\/product\/1332","targetHints":{"allow":["GET"]}}],"collection":[{"href":"https:\/\/chinacars.cl\/index.php?rest_route=\/wp\/v2\/product"}],"about":[{"href":"https:\/\/chinacars.cl\/index.php?rest_route=\/wp\/v2\/types\/product"}],"replies":[{"embeddable":true,"href":"https:\/\/chinacars.cl\/index.php?rest_route=%2Fwp%2Fv2%2Fcomments&post=1332"}],"wp:featuredmedia":[{"embeddable":true,"href":"https:\/\/chinacars.cl\/index.php?rest_route=\/wp\/v2\/media\/1333"}],"wp:attachment":[{"href":"https:\/\/chinacars.cl\/index.php?rest_route=%2Fwp%2Fv2%2Fmedia&parent=1332"}],"wp:term":[{"taxonomy":"product_brand","embeddable":true,"href":"https:\/\/chinacars.cl\/index.php?rest_route=%2Fwp%2Fv2%2Fproduct_brand&post=1332"},{"taxonomy":"product_cat","embeddable":true,"href":"https:\/\/chinacars.cl\/index.php?rest_route=%2Fwp%2Fv2%2Fproduct_cat&post=1332"},{"taxonomy":"product_tag","embeddable":true,"href":"https:\/\/chinacars.cl\/index.php?rest_route=%2Fwp%2Fv2%2Fproduct_tag&post=1332"}],"curies":[{"name":"wp","href":"https:\/\/api.w.org\/{rel}","templated":true}]}}