{"id":1340,"date":"2024-07-15T21:29:56","date_gmt":"2024-07-15T19:29:56","guid":{"rendered":"https:\/\/chinacars.cl\/?post_type=product&#038;p=1340"},"modified":"2025-07-23T23:54:36","modified_gmt":"2025-07-23T21:54:36","slug":"fuelles-direccion-chev-prisma-1-4","status":"publish","type":"product","link":"https:\/\/chinacars.cl\/?product=fuelles-direccion-chev-prisma-1-4","title":{"rendered":"FUELLES DIRECCION CHEV PRISMA 1.4"},"content":{"rendered":"<p>Algunos s\u00edntomas comunes de que los fuelles de direcci\u00f3n necesitan ser reemplazados son ruidos al girar, pueden sonar como chirridos, crujidos o golpeteos, especialmente al girar en \u00e1ngulos pronunciados, fugas de grasa, si observas manchas de grasa en el \u00e1rea cerca de las ruedas delanteras, especialmente en la parte interna cerca de las juntas homocin\u00e9ticas, podr\u00eda ser indicativo de que los fuelles est\u00e1n rotos y la grasa lubricante est\u00e1 escapando, juego u holgura en la direcci\u00f3n, esto puede sentirse como una falta de respuesta o precisi\u00f3n al girar el volante, vibraciones al conducir al permitir que la suciedad y la humedad afecten las juntas, puedes notar que los fuelles de direcci\u00f3n est\u00e1n visiblemente da\u00f1ados, agrietados o desgastados, si los fuelles est\u00e1n rotos, es probable que necesiten ser reemplazados.<\/p>\n<p>Si experimentas alguno de estos s\u00edntomas, es importante que lleves tu veh\u00edculo a un mec\u00e1nico de confianza para que realice una inspecci\u00f3n y determine si es necesario reemplazar.<\/p>\n","protected":false},"excerpt":{"rendered":"<p>Fuelles de Direcci\u00f3n Original Chevrolet Prisma 1.4 2017-2020<\/p>\n","protected":false},"featured_media":1343,"comment_status":"open","ping_status":"closed","template":"","meta":[],"product_brand":[],"product_cat":[26,52,72],"product_tag":[16,28],"class_list":{"0":"post-1340","1":"product","2":"type-product","3":"status-publish","4":"has-post-thumbnail","6":"product_cat-chevrolet","7":"product_cat-direccion","8":"product_cat-fuelles","9":"product_tag-bujias-encendido","10":"product_tag-chevrolet","12":"first","13":"outofstock","14":"shipping-taxable","15":"purchasable","16":"product-type-simple"},"jetpack_sharing_enabled":true,"_links":{"self":[{"href":"https:\/\/chinacars.cl\/index.php?rest_route=\/wp\/v2\/product\/1340","targetHints":{"allow":["GET"]}}],"collection":[{"href":"https:\/\/chinacars.cl\/index.php?rest_route=\/wp\/v2\/product"}],"about":[{"href":"https:\/\/chinacars.cl\/index.php?rest_route=\/wp\/v2\/types\/product"}],"replies":[{"embeddable":true,"href":"https:\/\/chinacars.cl\/index.php?rest_route=%2Fwp%2Fv2%2Fcomments&post=1340"}],"wp:featuredmedia":[{"embeddable":true,"href":"https:\/\/chinacars.cl\/index.php?rest_route=\/wp\/v2\/media\/1343"}],"wp:attachment":[{"href":"https:\/\/chinacars.cl\/index.php?rest_route=%2Fwp%2Fv2%2Fmedia&parent=1340"}],"wp:term":[{"taxonomy":"product_brand","embeddable":true,"href":"https:\/\/chinacars.cl\/index.php?rest_route=%2Fwp%2Fv2%2Fproduct_brand&post=1340"},{"taxonomy":"product_cat","embeddable":true,"href":"https:\/\/chinacars.cl\/index.php?rest_route=%2Fwp%2Fv2%2Fproduct_cat&post=1340"},{"taxonomy":"product_tag","embeddable":true,"href":"https:\/\/chinacars.cl\/index.php?rest_route=%2Fwp%2Fv2%2Fproduct_tag&post=1340"}],"curies":[{"name":"wp","href":"https:\/\/api.w.org\/{rel}","templated":true}]}}