{"id":1347,"date":"2024-07-15T21:35:56","date_gmt":"2024-07-15T19:35:56","guid":{"rendered":"https:\/\/chinacars.cl\/?post_type=product&#038;p=1347"},"modified":"2025-07-23T23:53:03","modified_gmt":"2025-07-23T21:53:03","slug":"interruptor-lamparas-reversa-chev-prisma-1-4","status":"publish","type":"product","link":"https:\/\/chinacars.cl\/?product=interruptor-lamparas-reversa-chev-prisma-1-4","title":{"rendered":"INTERRUPTOR LAMPARAS REVERSA CHEV PRISMA 1.4"},"content":{"rendered":"<p>Algunos s\u00edntomas que podr\u00edan indicar que el interruptor de lamparas de reversa necesita ser revisado o cambiado es cuando las luces de reversa no funcionan, luces de reversa no se encienden cuando se pone el veh\u00edculo en marcha atr\u00e1s, problemas al cambiar a reversa, causando dificultades al cambiar a marcha atr\u00e1s, experimentando resistencia al colocar la palanca de cambios en la posici\u00f3n de reversa o puede que no se enganche correctamente, indicador de marcha atr\u00e1s no funcione correctamente o que no se ilumine cuando se cambia a reversa, ruidos inusuales al intentar cambiar a marcha atr\u00e1s, puede ser un chirrido o un clic proveniente del \u00e1rea de la palanca de cambios, problemas con el sistema de control de la transmisi\u00f3n, un interruptor defectuoso puede causar problemas en la operaci\u00f3n de la transmisi\u00f3n autom\u00e1tica.<\/p>\n<p>Si experimentas alguno de estos s\u00edntomas, es importante que lleves tu veh\u00edculo a un mec\u00e1nico de confianza para que realice una inspecci\u00f3n y determine si es necesario reemplazar.<\/p>\n","protected":false},"excerpt":{"rendered":"<p>Interruptor Lamparas de Reversa Original Chevrolet Prisma 1.4 2017-2020<\/p>\n","protected":false},"featured_media":1356,"comment_status":"open","ping_status":"closed","template":"","meta":[],"product_brand":[],"product_cat":[26,68,60],"product_tag":[16,28],"class_list":{"0":"post-1347","1":"product","2":"type-product","3":"status-publish","4":"has-post-thumbnail","6":"product_cat-chevrolet","7":"product_cat-interruptor-reversa","8":"product_cat-sensores","9":"product_tag-bujias-encendido","10":"product_tag-chevrolet","12":"first","13":"outofstock","14":"shipping-taxable","15":"purchasable","16":"product-type-simple"},"jetpack_sharing_enabled":true,"_links":{"self":[{"href":"https:\/\/chinacars.cl\/index.php?rest_route=\/wp\/v2\/product\/1347","targetHints":{"allow":["GET"]}}],"collection":[{"href":"https:\/\/chinacars.cl\/index.php?rest_route=\/wp\/v2\/product"}],"about":[{"href":"https:\/\/chinacars.cl\/index.php?rest_route=\/wp\/v2\/types\/product"}],"replies":[{"embeddable":true,"href":"https:\/\/chinacars.cl\/index.php?rest_route=%2Fwp%2Fv2%2Fcomments&post=1347"}],"wp:featuredmedia":[{"embeddable":true,"href":"https:\/\/chinacars.cl\/index.php?rest_route=\/wp\/v2\/media\/1356"}],"wp:attachment":[{"href":"https:\/\/chinacars.cl\/index.php?rest_route=%2Fwp%2Fv2%2Fmedia&parent=1347"}],"wp:term":[{"taxonomy":"product_brand","embeddable":true,"href":"https:\/\/chinacars.cl\/index.php?rest_route=%2Fwp%2Fv2%2Fproduct_brand&post=1347"},{"taxonomy":"product_cat","embeddable":true,"href":"https:\/\/chinacars.cl\/index.php?rest_route=%2Fwp%2Fv2%2Fproduct_cat&post=1347"},{"taxonomy":"product_tag","embeddable":true,"href":"https:\/\/chinacars.cl\/index.php?rest_route=%2Fwp%2Fv2%2Fproduct_tag&post=1347"}],"curies":[{"name":"wp","href":"https:\/\/api.w.org\/{rel}","templated":true}]}}