{"id":1350,"date":"2024-07-15T21:35:56","date_gmt":"2024-07-15T19:35:56","guid":{"rendered":"https:\/\/chinacars.cl\/?post_type=product&#038;p=1350"},"modified":"2025-07-23T23:53:13","modified_gmt":"2025-07-23T21:53:13","slug":"sensor-ciguenal-chev-prisma-onix-1-4","status":"publish","type":"product","link":"https:\/\/chinacars.cl\/?product=sensor-ciguenal-chev-prisma-onix-1-4","title":{"rendered":"SENSOR CIGUE\u00d1AL CHEV PRISMA 1.4"},"content":{"rendered":"<p>Algunos s\u00edntomas que podr\u00edan indicar que el sensor de cig\u00fce\u00f1al necesita ser revisado o cambiado son problemas de arranque, rendimiento irregular del motor, con tirones, sacudidas o una p\u00e9rdida de potencia durante la aceleraci\u00f3n, paradas repentinas del motor, en algunos casos, un sensor de cig\u00fce\u00f1al defectuoso puede hacer que el motor se detenga de repente mientras conduces, especialmente a velocidades bajas o al ralent\u00ed, problemas de ralent\u00ed inestable, si el ralent\u00ed del motor es inestable, fluct\u00faa o se mantiene demasiado alto o bajo, podr\u00eda indicar un problema con el sensor, p\u00e9rdida de velocidad crucero, algunos veh\u00edculos pueden tener dificultades para mantener una velocidad constante.<\/p>\n<p>Luces indicadoras en el tablero, como la luz de &#8220;Check Engine&#8221; (Revisar motor) o una luz espec\u00edfica de sensor de cig\u00fce\u00f1al.<\/p>\n<p>Si experimentas alguno de estos s\u00edntomas, es importante que lleves tu veh\u00edculo a un mec\u00e1nico de confianza para que realice una inspecci\u00f3n y determine si es necesario reemplazar.<\/p>\n","protected":false},"excerpt":{"rendered":"<p>Sensor de Posici\u00f3n Cig\u00fce\u00f1al CKP Original Chevrolet Prisma 1.4 2017-2020<\/p>\n","protected":false},"featured_media":1359,"comment_status":"open","ping_status":"closed","template":"","meta":[],"product_brand":[],"product_cat":[26,66,60],"product_tag":[16,28],"class_list":{"0":"post-1350","1":"product","2":"type-product","3":"status-publish","4":"has-post-thumbnail","6":"product_cat-chevrolet","7":"product_cat-sensor-ciguenal","8":"product_cat-sensores","9":"product_tag-bujias-encendido","10":"product_tag-chevrolet","12":"first","13":"outofstock","14":"shipping-taxable","15":"purchasable","16":"product-type-simple"},"jetpack_sharing_enabled":true,"_links":{"self":[{"href":"https:\/\/chinacars.cl\/index.php?rest_route=\/wp\/v2\/product\/1350","targetHints":{"allow":["GET"]}}],"collection":[{"href":"https:\/\/chinacars.cl\/index.php?rest_route=\/wp\/v2\/product"}],"about":[{"href":"https:\/\/chinacars.cl\/index.php?rest_route=\/wp\/v2\/types\/product"}],"replies":[{"embeddable":true,"href":"https:\/\/chinacars.cl\/index.php?rest_route=%2Fwp%2Fv2%2Fcomments&post=1350"}],"wp:featuredmedia":[{"embeddable":true,"href":"https:\/\/chinacars.cl\/index.php?rest_route=\/wp\/v2\/media\/1359"}],"wp:attachment":[{"href":"https:\/\/chinacars.cl\/index.php?rest_route=%2Fwp%2Fv2%2Fmedia&parent=1350"}],"wp:term":[{"taxonomy":"product_brand","embeddable":true,"href":"https:\/\/chinacars.cl\/index.php?rest_route=%2Fwp%2Fv2%2Fproduct_brand&post=1350"},{"taxonomy":"product_cat","embeddable":true,"href":"https:\/\/chinacars.cl\/index.php?rest_route=%2Fwp%2Fv2%2Fproduct_cat&post=1350"},{"taxonomy":"product_tag","embeddable":true,"href":"https:\/\/chinacars.cl\/index.php?rest_route=%2Fwp%2Fv2%2Fproduct_tag&post=1350"}],"curies":[{"name":"wp","href":"https:\/\/api.w.org\/{rel}","templated":true}]}}