{"id":1352,"date":"2024-07-15T21:36:02","date_gmt":"2024-07-15T19:36:02","guid":{"rendered":"https:\/\/chinacars.cl\/?post_type=product&#038;p=1352"},"modified":"2025-07-23T23:51:52","modified_gmt":"2025-07-23T21:51:52","slug":"sensor-map-chev-prisma-1-4","status":"publish","type":"product","link":"https:\/\/chinacars.cl\/?product=sensor-map-chev-prisma-1-4","title":{"rendered":"SENSOR MAP CHEV PRISMA 1.4"},"content":{"rendered":"<p>Algunos s\u00edntomas que podr\u00edan indicar que el sensor MAP necesita ser revisado o cambiado son Problemas de arranque, un sensor MAP defectuoso puede causar problemas de arranque, especialmente en fr\u00edo o caliente, rendimiento del motor irregular, puedes notar tirones o sacudidas durante la aceleraci\u00f3n, falta de potencia o una respuesta del acelerador no uniforme, aceleraci\u00f3n lenta o p\u00e9rdida de potencia, consumo de combustible aumentado<\/p>\n<p>Luces indicadoras en el tablero como la luz de &#8220;Check Engine&#8221; (Revisar motor) o la luz de &#8220;Service Engine Soon&#8221;.<\/p>\n<p>Problemas de ralent\u00ed inestable si el ralent\u00ed del motor es inestable o fluct\u00faa de manera irregular, podr\u00eda ser un indicio de un problema con el sensor MAP. un esc\u00e1ner de diagn\u00f3stico puede revelar c\u00f3digos de error espec\u00edficos relacionados con el sensor MAP, como &#8220;P0105&#8221; o &#8220;P0106&#8221; (dependiendo del fabricante del veh\u00edculo), lo que indica un mal funcionamiento del sensor.<\/p>\n<p>Si experimentas alguno de estos s\u00edntomas, es importante que lleves tu veh\u00edculo a un mec\u00e1nico de confianza para que realice una inspecci\u00f3n y determine si es necesario reemplazar.<\/p>\n","protected":false},"excerpt":{"rendered":"<p>Sensor Presi\u00f3n Absoluta MAP Original Chevrolet Prisma 1.4 2017-2020<\/p>\n","protected":false},"featured_media":1361,"comment_status":"open","ping_status":"closed","template":"","meta":[],"product_brand":[],"product_cat":[26,64,60],"product_tag":[16,28],"class_list":{"0":"post-1352","1":"product","2":"type-product","3":"status-publish","4":"has-post-thumbnail","6":"product_cat-chevrolet","7":"product_cat-sensor-map","8":"product_cat-sensores","9":"product_tag-bujias-encendido","10":"product_tag-chevrolet","12":"first","13":"outofstock","14":"shipping-taxable","15":"purchasable","16":"product-type-simple"},"jetpack_sharing_enabled":true,"_links":{"self":[{"href":"https:\/\/chinacars.cl\/index.php?rest_route=\/wp\/v2\/product\/1352","targetHints":{"allow":["GET"]}}],"collection":[{"href":"https:\/\/chinacars.cl\/index.php?rest_route=\/wp\/v2\/product"}],"about":[{"href":"https:\/\/chinacars.cl\/index.php?rest_route=\/wp\/v2\/types\/product"}],"replies":[{"embeddable":true,"href":"https:\/\/chinacars.cl\/index.php?rest_route=%2Fwp%2Fv2%2Fcomments&post=1352"}],"wp:featuredmedia":[{"embeddable":true,"href":"https:\/\/chinacars.cl\/index.php?rest_route=\/wp\/v2\/media\/1361"}],"wp:attachment":[{"href":"https:\/\/chinacars.cl\/index.php?rest_route=%2Fwp%2Fv2%2Fmedia&parent=1352"}],"wp:term":[{"taxonomy":"product_brand","embeddable":true,"href":"https:\/\/chinacars.cl\/index.php?rest_route=%2Fwp%2Fv2%2Fproduct_brand&post=1352"},{"taxonomy":"product_cat","embeddable":true,"href":"https:\/\/chinacars.cl\/index.php?rest_route=%2Fwp%2Fv2%2Fproduct_cat&post=1352"},{"taxonomy":"product_tag","embeddable":true,"href":"https:\/\/chinacars.cl\/index.php?rest_route=%2Fwp%2Fv2%2Fproduct_tag&post=1352"}],"curies":[{"name":"wp","href":"https:\/\/api.w.org\/{rel}","templated":true}]}}