{"id":1383,"date":"2024-07-15T21:48:35","date_gmt":"2024-07-15T19:48:35","guid":{"rendered":"https:\/\/chinacars.cl\/?post_type=product&#038;p=1383"},"modified":"2025-07-23T23:48:38","modified_gmt":"2025-07-23T21:48:38","slug":"kit-embrague-chev-prisma-1-4","status":"publish","type":"product","link":"https:\/\/chinacars.cl\/?product=kit-embrague-chev-prisma-1-4","title":{"rendered":"KIT EMBRAGUE CHEV PRISMA 1.4"},"content":{"rendered":"<p>Algunos de los s\u00edntomas de un problema con el embrague de un autom\u00f3vil pueden incluir ser dificultad para cambiar de marcha, si sientes que es dif\u00edcil o \u00e1spero cambiar de marcha, podr\u00eda ser un indicio de un problema con el embrague.<br \/>\nPatinaje del embrague, si notas que el motor revoluciona pero el veh\u00edculo no acelera como deber\u00eda, podr\u00eda ser un signo de que el embrague est\u00e1 patinando.<br \/>\nOlor a quemado, un olor a quemado proveniente del motor o la transmisi\u00f3n puede indicar un desgaste excesivo del embrague.<br \/>\nVibraciones inusuales, vibraciones anormales al pisar el pedal del embrague pueden ser se\u00f1al de un problema.<br \/>\nPedal del embrague suelto o duro, si el pedal del embrague se siente suelto, duro o esponjoso al pisarlo, podr\u00eda indicar un problema con el sistema.<br \/>\nSi experimentas alguno de estos s\u00edntomas, es recomendable llevar tu autom\u00f3vil a un mec\u00e1nico especializado en embragues para una inspecci\u00f3n y posible reparaci\u00f3n.<\/p>\n","protected":false},"excerpt":{"rendered":"<p>Kit Embrague Original Chevrolet Prisma 1.4 2017-2020<\/p>\n","protected":false},"featured_media":1397,"comment_status":"open","ping_status":"closed","template":"","meta":[],"product_brand":[],"product_cat":[26,54,53],"product_tag":[28],"class_list":{"0":"post-1383","1":"product","2":"type-product","3":"status-publish","4":"has-post-thumbnail","6":"product_cat-chevrolet","7":"product_cat-kit-embrague","8":"product_cat-transmision","9":"product_tag-chevrolet","11":"first","12":"outofstock","13":"shipping-taxable","14":"purchasable","15":"product-type-simple"},"jetpack_sharing_enabled":true,"_links":{"self":[{"href":"https:\/\/chinacars.cl\/index.php?rest_route=\/wp\/v2\/product\/1383","targetHints":{"allow":["GET"]}}],"collection":[{"href":"https:\/\/chinacars.cl\/index.php?rest_route=\/wp\/v2\/product"}],"about":[{"href":"https:\/\/chinacars.cl\/index.php?rest_route=\/wp\/v2\/types\/product"}],"replies":[{"embeddable":true,"href":"https:\/\/chinacars.cl\/index.php?rest_route=%2Fwp%2Fv2%2Fcomments&post=1383"}],"wp:featuredmedia":[{"embeddable":true,"href":"https:\/\/chinacars.cl\/index.php?rest_route=\/wp\/v2\/media\/1397"}],"wp:attachment":[{"href":"https:\/\/chinacars.cl\/index.php?rest_route=%2Fwp%2Fv2%2Fmedia&parent=1383"}],"wp:term":[{"taxonomy":"product_brand","embeddable":true,"href":"https:\/\/chinacars.cl\/index.php?rest_route=%2Fwp%2Fv2%2Fproduct_brand&post=1383"},{"taxonomy":"product_cat","embeddable":true,"href":"https:\/\/chinacars.cl\/index.php?rest_route=%2Fwp%2Fv2%2Fproduct_cat&post=1383"},{"taxonomy":"product_tag","embeddable":true,"href":"https:\/\/chinacars.cl\/index.php?rest_route=%2Fwp%2Fv2%2Fproduct_tag&post=1383"}],"curies":[{"name":"wp","href":"https:\/\/api.w.org\/{rel}","templated":true}]}}