{"id":1404,"date":"2024-07-16T05:16:42","date_gmt":"2024-07-16T03:16:42","guid":{"rendered":"https:\/\/chinacars.cl\/?post_type=product&#038;p=1404"},"modified":"2025-07-23T23:46:57","modified_gmt":"2025-07-23T21:46:57","slug":"ampolleta-posicion-delantera-chev-prisma-1-4","status":"publish","type":"product","link":"https:\/\/chinacars.cl\/?product=ampolleta-posicion-delantera-chev-prisma-1-4","title":{"rendered":"AMPOLLETA POSICI\u00d3N DELANTERA CHEV PRISMA 1.4"},"content":{"rendered":"<p>La duraci\u00f3n de las ampolletas puede variar dependiendo del tipo de ampolleta, su calidad y el uso que se le d\u00e9 al veh\u00edculo, las ampolletas hal\u00f3genas comunes generalmente duran entre 450 y 1,000 horas de uso. Las ampolletas de xen\u00f3n o HID (High Intensity Discharge) pueden durar mucho m\u00e1s, hasta 2,000 horas o m\u00e1s, mientras que las ampolletas LED suelen tener una vida \u00fatil a\u00fan m\u00e1s larga, a menudo hasta 20,000 horas o m\u00e1s.<\/p>\n","protected":false},"excerpt":{"rendered":"<p>Ampolleta Posici\u00f3n Delantera ACDelco Original Chevrolet Prisma 1.4 2017-2020<\/p>\n","protected":false},"featured_media":1408,"comment_status":"open","ping_status":"closed","template":"","meta":[],"product_brand":[],"product_cat":[44,26],"product_tag":[16,28],"class_list":{"0":"post-1404","1":"product","2":"type-product","3":"status-publish","4":"has-post-thumbnail","6":"product_cat-ampolletas","7":"product_cat-chevrolet","8":"product_tag-bujias-encendido","9":"product_tag-chevrolet","11":"first","12":"outofstock","13":"shipping-taxable","14":"purchasable","15":"product-type-simple"},"jetpack_sharing_enabled":true,"_links":{"self":[{"href":"https:\/\/chinacars.cl\/index.php?rest_route=\/wp\/v2\/product\/1404","targetHints":{"allow":["GET"]}}],"collection":[{"href":"https:\/\/chinacars.cl\/index.php?rest_route=\/wp\/v2\/product"}],"about":[{"href":"https:\/\/chinacars.cl\/index.php?rest_route=\/wp\/v2\/types\/product"}],"replies":[{"embeddable":true,"href":"https:\/\/chinacars.cl\/index.php?rest_route=%2Fwp%2Fv2%2Fcomments&post=1404"}],"wp:featuredmedia":[{"embeddable":true,"href":"https:\/\/chinacars.cl\/index.php?rest_route=\/wp\/v2\/media\/1408"}],"wp:attachment":[{"href":"https:\/\/chinacars.cl\/index.php?rest_route=%2Fwp%2Fv2%2Fmedia&parent=1404"}],"wp:term":[{"taxonomy":"product_brand","embeddable":true,"href":"https:\/\/chinacars.cl\/index.php?rest_route=%2Fwp%2Fv2%2Fproduct_brand&post=1404"},{"taxonomy":"product_cat","embeddable":true,"href":"https:\/\/chinacars.cl\/index.php?rest_route=%2Fwp%2Fv2%2Fproduct_cat&post=1404"},{"taxonomy":"product_tag","embeddable":true,"href":"https:\/\/chinacars.cl\/index.php?rest_route=%2Fwp%2Fv2%2Fproduct_tag&post=1404"}],"curies":[{"name":"wp","href":"https:\/\/api.w.org\/{rel}","templated":true}]}}