{"id":1429,"date":"2024-07-17T01:08:15","date_gmt":"2024-07-16T23:08:15","guid":{"rendered":"https:\/\/chinacars.cl\/?post_type=product&#038;p=1429"},"modified":"2025-07-23T23:21:25","modified_gmt":"2025-07-23T21:21:25","slug":"terminales-direccion-chev-groove-1-5","status":"publish","type":"product","link":"https:\/\/chinacars.cl\/?product=terminales-direccion-chev-groove-1-5","title":{"rendered":"TERMINALES DIRECCION CHEV GROOVE 1.5"},"content":{"rendered":"<p>Algunos s\u00edntomas comunes de un cambio necesario en las terminales de direcci\u00f3n pueden incluir vibraciones en el volante, dificultad para girar el volante, ruidos extra\u00f1os al girar y desgaste irregular de los neum\u00e1ticos. Si experimentas alguno de estos s\u00edntomas, es importante que lleves tu veh\u00edculo a un mec\u00e1nico de confianza para que realice una inspecci\u00f3n y determine si es necesario reemplazar.<\/p>\n","protected":false},"excerpt":{"rendered":"<p>Terminales de direcci\u00f3n Original Chevrolet Groove 1.4 2021-2024<\/p>\n","protected":false},"featured_media":1430,"comment_status":"open","ping_status":"closed","template":"","meta":[],"product_brand":[],"product_cat":[26,52,49],"product_tag":[28],"class_list":{"0":"post-1429","1":"product","2":"type-product","3":"status-publish","4":"has-post-thumbnail","6":"product_cat-chevrolet","7":"product_cat-direccion","8":"product_cat-terminales-de-direccion","9":"product_tag-chevrolet","11":"first","12":"outofstock","13":"shipping-taxable","14":"purchasable","15":"product-type-simple"},"jetpack_sharing_enabled":true,"_links":{"self":[{"href":"https:\/\/chinacars.cl\/index.php?rest_route=\/wp\/v2\/product\/1429","targetHints":{"allow":["GET"]}}],"collection":[{"href":"https:\/\/chinacars.cl\/index.php?rest_route=\/wp\/v2\/product"}],"about":[{"href":"https:\/\/chinacars.cl\/index.php?rest_route=\/wp\/v2\/types\/product"}],"replies":[{"embeddable":true,"href":"https:\/\/chinacars.cl\/index.php?rest_route=%2Fwp%2Fv2%2Fcomments&post=1429"}],"wp:featuredmedia":[{"embeddable":true,"href":"https:\/\/chinacars.cl\/index.php?rest_route=\/wp\/v2\/media\/1430"}],"wp:attachment":[{"href":"https:\/\/chinacars.cl\/index.php?rest_route=%2Fwp%2Fv2%2Fmedia&parent=1429"}],"wp:term":[{"taxonomy":"product_brand","embeddable":true,"href":"https:\/\/chinacars.cl\/index.php?rest_route=%2Fwp%2Fv2%2Fproduct_brand&post=1429"},{"taxonomy":"product_cat","embeddable":true,"href":"https:\/\/chinacars.cl\/index.php?rest_route=%2Fwp%2Fv2%2Fproduct_cat&post=1429"},{"taxonomy":"product_tag","embeddable":true,"href":"https:\/\/chinacars.cl\/index.php?rest_route=%2Fwp%2Fv2%2Fproduct_tag&post=1429"}],"curies":[{"name":"wp","href":"https:\/\/api.w.org\/{rel}","templated":true}]}}