{"id":1432,"date":"2024-07-17T01:12:35","date_gmt":"2024-07-16T23:12:35","guid":{"rendered":"https:\/\/chinacars.cl\/?post_type=product&#038;p=1432"},"modified":"2025-07-23T23:21:14","modified_gmt":"2025-07-23T21:21:14","slug":"axiales-direccion-chev-groove-1-5","status":"publish","type":"product","link":"https:\/\/chinacars.cl\/?product=axiales-direccion-chev-groove-1-5","title":{"rendered":"AXIALES DIRECCION CHEV GROOVE 1.5"},"content":{"rendered":"<p>Algunos s\u00edntomas comunes de un cambio necesario en los Axiales de direcci\u00f3n pueden incluir vibraciones en el volante, dificultad para girar el volante, ruidos extra\u00f1os al girar como chirridos o crujidos y desgaste irregular de los neum\u00e1ticos, inestabilidad en la direcci\u00f3n, especialmente a altas velocidades.<\/p>\n<p>Si experimentas alguno de estos s\u00edntomas, es importante que lleves tu veh\u00edculo a un mec\u00e1nico de confianza para que realice una inspecci\u00f3n y determine si es necesario reemplazar.<\/p>\n","protected":false},"excerpt":{"rendered":"<p>Axiales de direcci\u00f3n Original Chevrolet Grovee 1.5 2021-2024<\/p>\n","protected":false},"featured_media":1433,"comment_status":"open","ping_status":"closed","template":"","meta":[],"product_brand":[],"product_cat":[51,26,52],"product_tag":[28],"class_list":{"0":"post-1432","1":"product","2":"type-product","3":"status-publish","4":"has-post-thumbnail","6":"product_cat-axiales-de-direccion","7":"product_cat-chevrolet","8":"product_cat-direccion","9":"product_tag-chevrolet","11":"first","12":"outofstock","13":"shipping-taxable","14":"purchasable","15":"product-type-simple"},"jetpack_sharing_enabled":true,"_links":{"self":[{"href":"https:\/\/chinacars.cl\/index.php?rest_route=\/wp\/v2\/product\/1432","targetHints":{"allow":["GET"]}}],"collection":[{"href":"https:\/\/chinacars.cl\/index.php?rest_route=\/wp\/v2\/product"}],"about":[{"href":"https:\/\/chinacars.cl\/index.php?rest_route=\/wp\/v2\/types\/product"}],"replies":[{"embeddable":true,"href":"https:\/\/chinacars.cl\/index.php?rest_route=%2Fwp%2Fv2%2Fcomments&post=1432"}],"wp:featuredmedia":[{"embeddable":true,"href":"https:\/\/chinacars.cl\/index.php?rest_route=\/wp\/v2\/media\/1433"}],"wp:attachment":[{"href":"https:\/\/chinacars.cl\/index.php?rest_route=%2Fwp%2Fv2%2Fmedia&parent=1432"}],"wp:term":[{"taxonomy":"product_brand","embeddable":true,"href":"https:\/\/chinacars.cl\/index.php?rest_route=%2Fwp%2Fv2%2Fproduct_brand&post=1432"},{"taxonomy":"product_cat","embeddable":true,"href":"https:\/\/chinacars.cl\/index.php?rest_route=%2Fwp%2Fv2%2Fproduct_cat&post=1432"},{"taxonomy":"product_tag","embeddable":true,"href":"https:\/\/chinacars.cl\/index.php?rest_route=%2Fwp%2Fv2%2Fproduct_tag&post=1432"}],"curies":[{"name":"wp","href":"https:\/\/api.w.org\/{rel}","templated":true}]}}