{"id":1445,"date":"2024-07-17T02:37:54","date_gmt":"2024-07-17T00:37:54","guid":{"rendered":"https:\/\/chinacars.cl\/?post_type=product&#038;p=1445"},"modified":"2025-07-23T23:12:10","modified_gmt":"2025-07-23T21:12:10","slug":"sensor-temperatura-refrigerante-chev-groove-1-5","status":"publish","type":"product","link":"https:\/\/chinacars.cl\/?product=sensor-temperatura-refrigerante-chev-groove-1-5","title":{"rendered":"SENSOR TEMPERATURA REFRIGERANTE CHEV GROOVE 1.5"},"content":{"rendered":"<p>Algunos s\u00edntomas que podr\u00edan indicar que el sensor de temperatura del refrigerante necesita ser revisado o cambiado son un indicador de temperatura del motor incorrecto, donde el indicador de temperatura ubicado en el tablero muestra lecturas incorrectas, puede mostrar temperaturas m\u00e1s altas y m\u00e1s bajas de lo normal o puede fluctuar de manera irregular sin una raz\u00f3n aparente, problemas de arranque en fr\u00edo, dificultades para arrancar el motor en fr\u00edo o un arranque prolongado, rendimiento del motor afectado, resultando en un rendimiento del motor irregular, tirones o p\u00e9rdida de potencia, ralent\u00ed inestable, haciendo que fluct\u00fae de manera irregular o que se mantenga demasiado alto o bajo lo que puede llevar a un aumento en el consumo de combustible.<\/p>\n<p>Luces indicadoras en el tablero, como la luz de &#8220;Check Engine&#8221; (Revisar motor) o una luz espec\u00edfica de temperatura del motor.<\/p>\n<p>Si experimentas alguno de estos s\u00edntomas, es importante que lleves tu veh\u00edculo a un mec\u00e1nico de confianza para que realice una inspecci\u00f3n y determine si es necesario reemplazar.<\/p>\n","protected":false},"excerpt":{"rendered":"<p>Sensor de Temperatura Refrigerante Original Chevrolet Groove 1.5 2021-2024<\/p>\n","protected":false},"featured_media":1448,"comment_status":"open","ping_status":"closed","template":"","meta":[],"product_brand":[],"product_cat":[26,66,60],"product_tag":[16,28],"class_list":{"0":"post-1445","1":"product","2":"type-product","3":"status-publish","4":"has-post-thumbnail","6":"product_cat-chevrolet","7":"product_cat-sensor-ciguenal","8":"product_cat-sensores","9":"product_tag-bujias-encendido","10":"product_tag-chevrolet","12":"first","13":"outofstock","14":"shipping-taxable","15":"purchasable","16":"product-type-simple"},"jetpack_sharing_enabled":true,"_links":{"self":[{"href":"https:\/\/chinacars.cl\/index.php?rest_route=\/wp\/v2\/product\/1445","targetHints":{"allow":["GET"]}}],"collection":[{"href":"https:\/\/chinacars.cl\/index.php?rest_route=\/wp\/v2\/product"}],"about":[{"href":"https:\/\/chinacars.cl\/index.php?rest_route=\/wp\/v2\/types\/product"}],"replies":[{"embeddable":true,"href":"https:\/\/chinacars.cl\/index.php?rest_route=%2Fwp%2Fv2%2Fcomments&post=1445"}],"wp:featuredmedia":[{"embeddable":true,"href":"https:\/\/chinacars.cl\/index.php?rest_route=\/wp\/v2\/media\/1448"}],"wp:attachment":[{"href":"https:\/\/chinacars.cl\/index.php?rest_route=%2Fwp%2Fv2%2Fmedia&parent=1445"}],"wp:term":[{"taxonomy":"product_brand","embeddable":true,"href":"https:\/\/chinacars.cl\/index.php?rest_route=%2Fwp%2Fv2%2Fproduct_brand&post=1445"},{"taxonomy":"product_cat","embeddable":true,"href":"https:\/\/chinacars.cl\/index.php?rest_route=%2Fwp%2Fv2%2Fproduct_cat&post=1445"},{"taxonomy":"product_tag","embeddable":true,"href":"https:\/\/chinacars.cl\/index.php?rest_route=%2Fwp%2Fv2%2Fproduct_tag&post=1445"}],"curies":[{"name":"wp","href":"https:\/\/api.w.org\/{rel}","templated":true}]}}