{"id":1450,"date":"2024-07-17T03:03:00","date_gmt":"2024-07-17T01:03:00","guid":{"rendered":"https:\/\/chinacars.cl\/?post_type=product&#038;p=1450"},"modified":"2025-07-23T23:11:59","modified_gmt":"2025-07-23T21:11:59","slug":"bomba-agua-chev-groove-1-5","status":"publish","type":"product","link":"https:\/\/chinacars.cl\/?product=bomba-agua-chev-groove-1-5","title":{"rendered":"BOMBA AGUA CHEV GROOVE 1.5"},"content":{"rendered":"<p>Algunos de los s\u00edntomas que podr\u00edan indicar que la bomba de agua necesita ser reemplazada son fugas de l\u00edquido refrigerante, puedes notar l\u00edquido refrigerante visible debajo del motor cuando el autom\u00f3vil est\u00e1 estacionado, tambi\u00e9n podr\u00edas ver residuos de color blanco o rosado cerca de la bomba de agua, ruidos inusuales como un chirrido o un quejido, especialmente cuando el motor est\u00e1 en marcha, estos ruidos pueden aumentar con la velocidad del motor.<\/p>\n<p>Temperatura del motor alta, correa de distribuci\u00f3n mojada o resbaladiza, l\u00edquido refrigerante con apariencia oxidada o sucia, si observas que el l\u00edquido refrigerante tiene un aspecto oxidado, sucio o contaminado, podr\u00eda indicar que la bomba de agua est\u00e1 desgastada y necesita ser reemplazada tambi\u00e9n puede indicar la presencia de corrosi\u00f3n dentro del sistema, vibraciones o temblores del motor, especialmente a velocidades m\u00e1s altas o al acelerar.<\/p>\n<p>Si experimentas alguno de estos s\u00edntomas, es importante que lleves tu veh\u00edculo a un mec\u00e1nico de confianza para que realice una inspecci\u00f3n y determine si es necesario reemplazar.<\/p>\n<p>&nbsp;<\/p>\n","protected":false},"excerpt":{"rendered":"<p>Bomba de Agua Original Chevrolet Groove 1.5 2021-2024<\/p>\n","protected":false},"featured_media":1451,"comment_status":"open","ping_status":"closed","template":"","meta":[],"product_brand":[],"product_cat":[63,26,59],"product_tag":[28],"class_list":{"0":"post-1450","1":"product","2":"type-product","3":"status-publish","4":"has-post-thumbnail","6":"product_cat-bomba-de-agua","7":"product_cat-chevrolet","8":"product_cat-refrigeracion","9":"product_tag-chevrolet","11":"first","12":"outofstock","13":"shipping-taxable","14":"purchasable","15":"product-type-simple"},"jetpack_sharing_enabled":true,"_links":{"self":[{"href":"https:\/\/chinacars.cl\/index.php?rest_route=\/wp\/v2\/product\/1450","targetHints":{"allow":["GET"]}}],"collection":[{"href":"https:\/\/chinacars.cl\/index.php?rest_route=\/wp\/v2\/product"}],"about":[{"href":"https:\/\/chinacars.cl\/index.php?rest_route=\/wp\/v2\/types\/product"}],"replies":[{"embeddable":true,"href":"https:\/\/chinacars.cl\/index.php?rest_route=%2Fwp%2Fv2%2Fcomments&post=1450"}],"wp:featuredmedia":[{"embeddable":true,"href":"https:\/\/chinacars.cl\/index.php?rest_route=\/wp\/v2\/media\/1451"}],"wp:attachment":[{"href":"https:\/\/chinacars.cl\/index.php?rest_route=%2Fwp%2Fv2%2Fmedia&parent=1450"}],"wp:term":[{"taxonomy":"product_brand","embeddable":true,"href":"https:\/\/chinacars.cl\/index.php?rest_route=%2Fwp%2Fv2%2Fproduct_brand&post=1450"},{"taxonomy":"product_cat","embeddable":true,"href":"https:\/\/chinacars.cl\/index.php?rest_route=%2Fwp%2Fv2%2Fproduct_cat&post=1450"},{"taxonomy":"product_tag","embeddable":true,"href":"https:\/\/chinacars.cl\/index.php?rest_route=%2Fwp%2Fv2%2Fproduct_tag&post=1450"}],"curies":[{"name":"wp","href":"https:\/\/api.w.org\/{rel}","templated":true}]}}