{"id":1453,"date":"2024-07-17T03:16:50","date_gmt":"2024-07-17T01:16:50","guid":{"rendered":"https:\/\/chinacars.cl\/?post_type=product&#038;p=1453"},"modified":"2026-02-11T02:51:17","modified_gmt":"2026-02-11T01:51:17","slug":"correa-auxiliar-chev-groove-1-5","status":"publish","type":"product","link":"https:\/\/chinacars.cl\/?product=correa-auxiliar-chev-groove-1-5","title":{"rendered":"CORREA AUXILIAR CHEV GROOVE 1.5"},"content":{"rendered":"<p>La correa auxiliar tambi\u00e9n conocida como correa de accesorios o correa de transmisi\u00f3n, es esencial para el funcionamiento de varios componentes en el motor de un autom\u00f3vil algunos de los s\u00edntomas que podr\u00edan indicar que necesita ser cambiada son Ruido chirriante o chirrido, especialmente al acelerar o al girar el volante, podr\u00eda ser un indicio de que la correa auxiliar est\u00e1 desgastada o tensada incorrectamente.<\/p>\n<p>Vibraciones o temblores en el motor, especialmente cuando se activan los accesorios como el aire acondicionado o la direcci\u00f3n asistida. Accesorios que dejan de funcionar, Apariencia f\u00edsica de desgaste, si visualmente notas grietas, desgaste excesivo, o incluso partes faltantes de la correa, es una se\u00f1al clara de que necesita ser reemplazada. Problemas de sobrecalentamiento, luces indicadoras en el tablero.<\/p>\n<p>Si observas alguno de estos s\u00edntomas en tu autom\u00f3vil, es recomendable llevarlo a un taller mec\u00e1nico para una inspecci\u00f3n m\u00e1s detallada.<\/p>\n","protected":false},"excerpt":{"rendered":"<p>Correa Auxiliar Original Chevrolet Groove 1.5 2021-2024<\/p>\n","protected":false},"featured_media":1454,"comment_status":"open","ping_status":"closed","template":"","meta":[],"product_brand":[],"product_cat":[26,56,55],"product_tag":[28],"class_list":{"0":"post-1453","1":"product","2":"type-product","3":"status-publish","4":"has-post-thumbnail","6":"product_cat-chevrolet","7":"product_cat-correas-auxiliares","8":"product_cat-distribucion","9":"product_tag-chevrolet","11":"first","12":"outofstock","13":"shipping-taxable","14":"purchasable","15":"product-type-simple"},"jetpack_sharing_enabled":true,"_links":{"self":[{"href":"https:\/\/chinacars.cl\/index.php?rest_route=\/wp\/v2\/product\/1453","targetHints":{"allow":["GET"]}}],"collection":[{"href":"https:\/\/chinacars.cl\/index.php?rest_route=\/wp\/v2\/product"}],"about":[{"href":"https:\/\/chinacars.cl\/index.php?rest_route=\/wp\/v2\/types\/product"}],"replies":[{"embeddable":true,"href":"https:\/\/chinacars.cl\/index.php?rest_route=%2Fwp%2Fv2%2Fcomments&post=1453"}],"wp:featuredmedia":[{"embeddable":true,"href":"https:\/\/chinacars.cl\/index.php?rest_route=\/wp\/v2\/media\/1454"}],"wp:attachment":[{"href":"https:\/\/chinacars.cl\/index.php?rest_route=%2Fwp%2Fv2%2Fmedia&parent=1453"}],"wp:term":[{"taxonomy":"product_brand","embeddable":true,"href":"https:\/\/chinacars.cl\/index.php?rest_route=%2Fwp%2Fv2%2Fproduct_brand&post=1453"},{"taxonomy":"product_cat","embeddable":true,"href":"https:\/\/chinacars.cl\/index.php?rest_route=%2Fwp%2Fv2%2Fproduct_cat&post=1453"},{"taxonomy":"product_tag","embeddable":true,"href":"https:\/\/chinacars.cl\/index.php?rest_route=%2Fwp%2Fv2%2Fproduct_tag&post=1453"}],"curies":[{"name":"wp","href":"https:\/\/api.w.org\/{rel}","templated":true}]}}