{"id":1467,"date":"2024-07-26T01:19:22","date_gmt":"2024-07-25T23:19:22","guid":{"rendered":"https:\/\/chinacars.cl\/?post_type=product&#038;p=1467"},"modified":"2025-07-23T23:09:41","modified_gmt":"2025-07-23T21:09:41","slug":"sensor-oxigeno-1-chev-groove-1-5","status":"publish","type":"product","link":"https:\/\/chinacars.cl\/?product=sensor-oxigeno-1-chev-groove-1-5","title":{"rendered":"SENSOR OXIGENO 1 CHEV GROOVE 1.5"},"content":{"rendered":"<p>Algunos de los signos m\u00e1s comunes de que el sensor de ox\u00edgeno necesita ser reemplazado incluyen un aumento en el consumo de combustible, una disminuci\u00f3n en el rendimiento del motor, una luz de advertencia del motor encendida en el tablero, y emisiones de escape m\u00e1s oscuras de lo normal. Si notas alguno de estos s\u00edntomas, es recomendable llevar tu auto a un mec\u00e1nico para que realice un diagn\u00f3stico y determine si es necesario cambiar el sensor de ox\u00edgeno.<\/p>\n","protected":false},"excerpt":{"rendered":"<p>Sensor de Oxigeno 1 Original Chevrolet Groove 1.5 2021-2024<\/p>\n","protected":false},"featured_media":1469,"comment_status":"open","ping_status":"closed","template":"","meta":[],"product_brand":[],"product_cat":[26,50,60],"product_tag":[16,28],"class_list":{"0":"post-1467","1":"product","2":"type-product","3":"status-publish","4":"has-post-thumbnail","6":"product_cat-chevrolet","7":"product_cat-sensor-de-oxigeno","8":"product_cat-sensores","9":"product_tag-bujias-encendido","10":"product_tag-chevrolet","12":"first","13":"outofstock","14":"shipping-taxable","15":"purchasable","16":"product-type-simple"},"jetpack_sharing_enabled":true,"_links":{"self":[{"href":"https:\/\/chinacars.cl\/index.php?rest_route=\/wp\/v2\/product\/1467","targetHints":{"allow":["GET"]}}],"collection":[{"href":"https:\/\/chinacars.cl\/index.php?rest_route=\/wp\/v2\/product"}],"about":[{"href":"https:\/\/chinacars.cl\/index.php?rest_route=\/wp\/v2\/types\/product"}],"replies":[{"embeddable":true,"href":"https:\/\/chinacars.cl\/index.php?rest_route=%2Fwp%2Fv2%2Fcomments&post=1467"}],"wp:featuredmedia":[{"embeddable":true,"href":"https:\/\/chinacars.cl\/index.php?rest_route=\/wp\/v2\/media\/1469"}],"wp:attachment":[{"href":"https:\/\/chinacars.cl\/index.php?rest_route=%2Fwp%2Fv2%2Fmedia&parent=1467"}],"wp:term":[{"taxonomy":"product_brand","embeddable":true,"href":"https:\/\/chinacars.cl\/index.php?rest_route=%2Fwp%2Fv2%2Fproduct_brand&post=1467"},{"taxonomy":"product_cat","embeddable":true,"href":"https:\/\/chinacars.cl\/index.php?rest_route=%2Fwp%2Fv2%2Fproduct_cat&post=1467"},{"taxonomy":"product_tag","embeddable":true,"href":"https:\/\/chinacars.cl\/index.php?rest_route=%2Fwp%2Fv2%2Fproduct_tag&post=1467"}],"curies":[{"name":"wp","href":"https:\/\/api.w.org\/{rel}","templated":true}]}}