{"id":1472,"date":"2024-07-26T02:16:54","date_gmt":"2024-07-26T00:16:54","guid":{"rendered":"https:\/\/chinacars.cl\/?post_type=product&#038;p=1472"},"modified":"2025-07-23T23:08:26","modified_gmt":"2025-07-23T21:08:26","slug":"inyector-combustible-chev-groove-1-5","status":"publish","type":"product","link":"https:\/\/chinacars.cl\/?product=inyector-combustible-chev-groove-1-5","title":{"rendered":"INYECTOR COMBUSTIBLE CHEV GROOVE 1.5"},"content":{"rendered":"<p>Algunos s\u00edntomas comunes que podr\u00edan indicar que los inyectores de combustible necesitan ser revisados o cambiados son problemas de arranque en fr\u00edo o en caliente, especialmente despu\u00e9s de estar estacionado durante un tiempo, rendimiento del motor irregular o bajo, si notas que el motor funciona de manera irregular, con tirones o p\u00e9rdida de potencia al acelerar, podr\u00eda ser un signo de inyectores de combustible obstruidos o con fugas. Consumo de combustible aumentado, Humo oscuro o excesivo del tubo de escape, Ruido anormal del motor, Problemas de emisiones, Luces de advertencia en el tablero.<\/p>\n<p>Si experimentas alguno de estos s\u00edntomas, es importante que lleves tu veh\u00edculo a un mec\u00e1nico de confianza para que realice una inspecci\u00f3n y determine si es necesario reemplazar.<\/p>\n","protected":false},"excerpt":{"rendered":"<p>Inyector de Combustible Original Chevrolet Groove 1.5 2021-2024<\/p>\n","protected":false},"featured_media":1475,"comment_status":"open","ping_status":"closed","template":"","meta":[],"product_brand":[],"product_cat":[26,37,62],"product_tag":[28],"class_list":{"0":"post-1472","1":"product","2":"type-product","3":"status-publish","4":"has-post-thumbnail","6":"product_cat-chevrolet","7":"product_cat-encendido","8":"product_cat-inyector-de-combustible","9":"product_tag-chevrolet","11":"first","12":"outofstock","13":"shipping-taxable","14":"purchasable","15":"product-type-simple"},"jetpack_sharing_enabled":true,"_links":{"self":[{"href":"https:\/\/chinacars.cl\/index.php?rest_route=\/wp\/v2\/product\/1472","targetHints":{"allow":["GET"]}}],"collection":[{"href":"https:\/\/chinacars.cl\/index.php?rest_route=\/wp\/v2\/product"}],"about":[{"href":"https:\/\/chinacars.cl\/index.php?rest_route=\/wp\/v2\/types\/product"}],"replies":[{"embeddable":true,"href":"https:\/\/chinacars.cl\/index.php?rest_route=%2Fwp%2Fv2%2Fcomments&post=1472"}],"wp:featuredmedia":[{"embeddable":true,"href":"https:\/\/chinacars.cl\/index.php?rest_route=\/wp\/v2\/media\/1475"}],"wp:attachment":[{"href":"https:\/\/chinacars.cl\/index.php?rest_route=%2Fwp%2Fv2%2Fmedia&parent=1472"}],"wp:term":[{"taxonomy":"product_brand","embeddable":true,"href":"https:\/\/chinacars.cl\/index.php?rest_route=%2Fwp%2Fv2%2Fproduct_brand&post=1472"},{"taxonomy":"product_cat","embeddable":true,"href":"https:\/\/chinacars.cl\/index.php?rest_route=%2Fwp%2Fv2%2Fproduct_cat&post=1472"},{"taxonomy":"product_tag","embeddable":true,"href":"https:\/\/chinacars.cl\/index.php?rest_route=%2Fwp%2Fv2%2Fproduct_tag&post=1472"}],"curies":[{"name":"wp","href":"https:\/\/api.w.org\/{rel}","templated":true}]}}