{"id":1474,"date":"2024-07-26T02:17:10","date_gmt":"2024-07-26T00:17:10","guid":{"rendered":"https:\/\/chinacars.cl\/?post_type=product&#038;p=1474"},"modified":"2025-07-23T23:07:54","modified_gmt":"2025-07-23T21:07:54","slug":"empaquetadura-tapa-valvulas-chev-groove-1-5","status":"publish","type":"product","link":"https:\/\/chinacars.cl\/?product=empaquetadura-tapa-valvulas-chev-groove-1-5","title":{"rendered":"EMPAQUETADURA TAPA VALVULAS CHEV GROOVE 1.5"},"content":{"rendered":"<p>Algunos de los s\u00edntomas m\u00e1s comunes son fugas de aceite, si ves aceite goteando por la parte superior o los lados del motor, podr\u00eda ser un signo de que la empaquetadura est\u00e1 da\u00f1ada y ya no sella correctamente, manchas de aceite en el motor, a menudo, la parte superior del motor puede estar cubierta de una fina capa de aceite debido a una fuga, humo azul en el escape, si el aceite est\u00e1 goteando en el motor y quem\u00e1ndose junto con el combustible, resultar\u00e1 en humo azul que sale del escape, p\u00e9rdida de presi\u00f3n en el cilindro, afectando el rendimiento del motor y causando una p\u00e9rdida de potencia, rendimiento del motor irregular, puede experimentar dificultades para arrancar el motor, tirones o una aceleraci\u00f3n menos suave, sobrecalentamientos del motor.<\/p>\n<p>Si experimentas alguno de estos s\u00edntomas, es importante que lleves tu veh\u00edculo a un mec\u00e1nico de confianza para que realice una inspecci\u00f3n y determine si es necesario reemplazar.<\/p>\n","protected":false},"excerpt":{"rendered":"<p>Empaquetadura Tapa de V\u00e1lvulas Original Chevrolet Groove 1.5 2021-2024<\/p>\n","protected":false},"featured_media":1479,"comment_status":"open","ping_status":"closed","template":"","meta":[],"product_brand":[],"product_cat":[26,70,71],"product_tag":[16,28],"class_list":{"0":"post-1474","1":"product","2":"type-product","3":"status-publish","4":"has-post-thumbnail","6":"product_cat-chevrolet","7":"product_cat-empaquetaduras","8":"product_cat-motor","9":"product_tag-bujias-encendido","10":"product_tag-chevrolet","12":"first","13":"outofstock","14":"shipping-taxable","15":"purchasable","16":"product-type-simple"},"jetpack_sharing_enabled":true,"_links":{"self":[{"href":"https:\/\/chinacars.cl\/index.php?rest_route=\/wp\/v2\/product\/1474","targetHints":{"allow":["GET"]}}],"collection":[{"href":"https:\/\/chinacars.cl\/index.php?rest_route=\/wp\/v2\/product"}],"about":[{"href":"https:\/\/chinacars.cl\/index.php?rest_route=\/wp\/v2\/types\/product"}],"replies":[{"embeddable":true,"href":"https:\/\/chinacars.cl\/index.php?rest_route=%2Fwp%2Fv2%2Fcomments&post=1474"}],"wp:featuredmedia":[{"embeddable":true,"href":"https:\/\/chinacars.cl\/index.php?rest_route=\/wp\/v2\/media\/1479"}],"wp:attachment":[{"href":"https:\/\/chinacars.cl\/index.php?rest_route=%2Fwp%2Fv2%2Fmedia&parent=1474"}],"wp:term":[{"taxonomy":"product_brand","embeddable":true,"href":"https:\/\/chinacars.cl\/index.php?rest_route=%2Fwp%2Fv2%2Fproduct_brand&post=1474"},{"taxonomy":"product_cat","embeddable":true,"href":"https:\/\/chinacars.cl\/index.php?rest_route=%2Fwp%2Fv2%2Fproduct_cat&post=1474"},{"taxonomy":"product_tag","embeddable":true,"href":"https:\/\/chinacars.cl\/index.php?rest_route=%2Fwp%2Fv2%2Fproduct_tag&post=1474"}],"curies":[{"name":"wp","href":"https:\/\/api.w.org\/{rel}","templated":true}]}}