{"id":1489,"date":"2024-07-27T00:45:08","date_gmt":"2024-07-26T22:45:08","guid":{"rendered":"https:\/\/chinacars.cl\/?post_type=product&#038;p=1489"},"modified":"2025-07-23T23:07:31","modified_gmt":"2025-07-23T21:07:31","slug":"bomba-aceite-chev-groove-1-5","status":"publish","type":"product","link":"https:\/\/chinacars.cl\/?product=bomba-aceite-chev-groove-1-5","title":{"rendered":"BOMBA ACEITE CHEV GROOVE 1.5"},"content":{"rendered":"<p>Cuando la bomba de aceite de un autom\u00f3vil comienza a fallar, puede manifestarse a trav\u00e9s de varios s\u00edntomas, algunos de los m\u00e1s comunes son presi\u00f3n de aceite baja, siempre que veas que esta luz se enciende o que la aguja de presi\u00f3n cae significativamente, podr\u00eda indicar problemas con la bomba de aceite, ruidos inusuales, como golpeteos o zumbidos, esto se debe a que la bomba no est\u00e1 lubricando adecuadamente las partes m\u00f3viles del motor, incremento de la temperatura del motor, presencia de residuos met\u00e1licos en el aceite, si al cambiar el aceite o al revisar el nivel de aceite notas la presencia de part\u00edculas met\u00e1licas o lodo oscuro en el aceite, podr\u00eda ser indicativo de desgaste interno del motor debido a la falta de lubricaci\u00f3n adecuada.<\/p>\n<p>Luz de advertencia de motor, cuando hay un problema con la bomba de aceite se activa la luz de advertencia del motor en el tablero del conductor.<\/p>\n<p>Si experimentas alguno de estos s\u00edntomas, es importante que lleves tu veh\u00edculo a un mec\u00e1nico de confianza para que realice una inspecci\u00f3n y determine si es necesario reemplazar.<\/p>\n<p>&nbsp;<\/p>\n","protected":false},"excerpt":{"rendered":"<p>Bomba de Aceite Original Chevrolet Groove 1.5 2021-2024<\/p>\n","protected":false},"featured_media":1490,"comment_status":"open","ping_status":"closed","template":"","meta":[],"product_brand":[],"product_cat":[73,26,76],"product_tag":[28],"class_list":{"0":"post-1489","1":"product","2":"type-product","3":"status-publish","4":"has-post-thumbnail","6":"product_cat-bomba-de-aceite","7":"product_cat-chevrolet","8":"product_cat-lubricacion","9":"product_tag-chevrolet","11":"first","12":"outofstock","13":"shipping-taxable","14":"purchasable","15":"product-type-simple"},"jetpack_sharing_enabled":true,"_links":{"self":[{"href":"https:\/\/chinacars.cl\/index.php?rest_route=\/wp\/v2\/product\/1489","targetHints":{"allow":["GET"]}}],"collection":[{"href":"https:\/\/chinacars.cl\/index.php?rest_route=\/wp\/v2\/product"}],"about":[{"href":"https:\/\/chinacars.cl\/index.php?rest_route=\/wp\/v2\/types\/product"}],"replies":[{"embeddable":true,"href":"https:\/\/chinacars.cl\/index.php?rest_route=%2Fwp%2Fv2%2Fcomments&post=1489"}],"wp:featuredmedia":[{"embeddable":true,"href":"https:\/\/chinacars.cl\/index.php?rest_route=\/wp\/v2\/media\/1490"}],"wp:attachment":[{"href":"https:\/\/chinacars.cl\/index.php?rest_route=%2Fwp%2Fv2%2Fmedia&parent=1489"}],"wp:term":[{"taxonomy":"product_brand","embeddable":true,"href":"https:\/\/chinacars.cl\/index.php?rest_route=%2Fwp%2Fv2%2Fproduct_brand&post=1489"},{"taxonomy":"product_cat","embeddable":true,"href":"https:\/\/chinacars.cl\/index.php?rest_route=%2Fwp%2Fv2%2Fproduct_cat&post=1489"},{"taxonomy":"product_tag","embeddable":true,"href":"https:\/\/chinacars.cl\/index.php?rest_route=%2Fwp%2Fv2%2Fproduct_tag&post=1489"}],"curies":[{"name":"wp","href":"https:\/\/api.w.org\/{rel}","templated":true}]}}