{"id":1499,"date":"2024-08-09T02:48:52","date_gmt":"2024-08-09T00:48:52","guid":{"rendered":"https:\/\/chinacars.cl\/?post_type=product&#038;p=1499"},"modified":"2025-07-23T23:06:52","modified_gmt":"2025-07-23T21:06:52","slug":"interruptor-presion-aceite-motor-chev-n400-1-5","status":"publish","type":"product","link":"https:\/\/chinacars.cl\/?product=interruptor-presion-aceite-motor-chev-n400-1-5","title":{"rendered":"INTERRUPTOR PRESION ACEITE MOTOR CHEV N400 1.5"},"content":{"rendered":"<p>Algunos s\u00edntomas que podr\u00edan indicar que el interruptor de presi\u00f3n de aceite necesita ser revisado o cambiado son luz de presi\u00f3n de aceite encendida, esta luz generalmente se enciende cuando la presi\u00f3n del aceite cae por debajo de un nivel seguro, indicando que el motor puede estar experimentando una lubricaci\u00f3n insuficiente, presi\u00f3n de aceite incorrecta en el medidor, puede observarse una lectura inusual o incorrecta en el medidor de presi\u00f3n de aceite, puede mostrar una presi\u00f3n m\u00e1s baja de lo normal o fluctuar de manera inesperada, ruidos anormales del motor, como un golpeteo o un ruido met\u00e1lico por no estar siendo adecuadamente lubricadas, fuga de aceite en el interruptor, podr\u00eda indicar que el interruptor est\u00e1 da\u00f1ado o con fugas, produciendo una lectura incorrecta de la presi\u00f3n de aceite o incluso a una p\u00e9rdida gradual de presi\u00f3n de aceite en el sistema de lubricaci\u00f3n, problemas de arranque, especialmente en frio y un rendimiento del motor afectado, incluyendo una respuesta menos suave al acelerar, p\u00e9rdida de potencia o incluso fallos en la aceleraci\u00f3n.<\/p>\n<p>Si experimentas alguno de estos s\u00edntomas, es importante que lleves tu veh\u00edculo a un mec\u00e1nico de confianza para que realice una inspecci\u00f3n y determine si es necesario reemplazar.<\/p>\n","protected":false},"excerpt":{"rendered":"<p>Interruptor Presi\u00f3n de aceite Motor Original Chevrolet N400 1.5 2020-2023<\/p>\n","protected":false},"featured_media":1500,"comment_status":"open","ping_status":"closed","template":"","meta":[],"product_brand":[],"product_cat":[26,69,76,60],"product_tag":[16,28],"class_list":{"0":"post-1499","1":"product","2":"type-product","3":"status-publish","4":"has-post-thumbnail","6":"product_cat-chevrolet","7":"product_cat-interruptor-presion-aceite-motor","8":"product_cat-lubricacion","9":"product_cat-sensores","10":"product_tag-bujias-encendido","11":"product_tag-chevrolet","13":"first","14":"outofstock","15":"shipping-taxable","16":"purchasable","17":"product-type-simple"},"jetpack_sharing_enabled":true,"_links":{"self":[{"href":"https:\/\/chinacars.cl\/index.php?rest_route=\/wp\/v2\/product\/1499","targetHints":{"allow":["GET"]}}],"collection":[{"href":"https:\/\/chinacars.cl\/index.php?rest_route=\/wp\/v2\/product"}],"about":[{"href":"https:\/\/chinacars.cl\/index.php?rest_route=\/wp\/v2\/types\/product"}],"replies":[{"embeddable":true,"href":"https:\/\/chinacars.cl\/index.php?rest_route=%2Fwp%2Fv2%2Fcomments&post=1499"}],"wp:featuredmedia":[{"embeddable":true,"href":"https:\/\/chinacars.cl\/index.php?rest_route=\/wp\/v2\/media\/1500"}],"wp:attachment":[{"href":"https:\/\/chinacars.cl\/index.php?rest_route=%2Fwp%2Fv2%2Fmedia&parent=1499"}],"wp:term":[{"taxonomy":"product_brand","embeddable":true,"href":"https:\/\/chinacars.cl\/index.php?rest_route=%2Fwp%2Fv2%2Fproduct_brand&post=1499"},{"taxonomy":"product_cat","embeddable":true,"href":"https:\/\/chinacars.cl\/index.php?rest_route=%2Fwp%2Fv2%2Fproduct_cat&post=1499"},{"taxonomy":"product_tag","embeddable":true,"href":"https:\/\/chinacars.cl\/index.php?rest_route=%2Fwp%2Fv2%2Fproduct_tag&post=1499"}],"curies":[{"name":"wp","href":"https:\/\/api.w.org\/{rel}","templated":true}]}}