{"id":1564,"date":"2025-09-04T01:13:27","date_gmt":"2025-09-03T23:13:27","guid":{"rendered":"https:\/\/chinacars.cl\/?post_type=product&#038;p=1564"},"modified":"2025-12-04T04:08:01","modified_gmt":"2025-12-04T03:08:01","slug":"filtro-aceite-chev-cobalt-1-8-alternativo","status":"publish","type":"product","link":"https:\/\/chinacars.cl\/?product=filtro-aceite-chev-cobalt-1-8-alternativo","title":{"rendered":"FILTRO ACEITE CHEV COBALT 1.8 &#8211; VOX ALTERNATIVO"},"content":{"rendered":"<p>Las pautas comunes sugieren un intervalo de cambio de aceite y filtro de alrededor de 5,000 a 10,000 kil\u00f3metros, pero esto puede variar seg\u00fan el tipo de aceite utilizado y las especificaciones del fabricante del veh\u00edculo.<\/p>\n<p>Al cambiar el aceite regularmente y reemplazar el filtro en cada cambio, contribuyes a mantener el motor en buenas condiciones al eliminar part\u00edculas y contaminantes del sistema de lubricaci\u00f3n.<\/p>\n<p>SKU 10011<\/p>\n","protected":false},"excerpt":{"rendered":"<p>Filtro de Aceite VOX Chevrolet Cobalt 1.8 2017-2019 &#8211; (Origen y fabricaci\u00f3n TECFIL Brasil).<\/p>\n","protected":false},"featured_media":1697,"comment_status":"open","ping_status":"closed","template":"","meta":[],"product_brand":[],"product_cat":[26,27,31],"product_tag":[28,29,34],"class_list":{"0":"post-1564","1":"product","2":"type-product","3":"status-publish","4":"has-post-thumbnail","6":"product_cat-chevrolet","7":"product_cat-filtros","8":"product_cat-filtros-de-aceite","9":"product_tag-chevrolet","10":"product_tag-filtros","11":"product_tag-filtros-de-aceite","13":"first","14":"instock","15":"shipping-taxable","16":"purchasable","17":"product-type-simple"},"jetpack_sharing_enabled":true,"_links":{"self":[{"href":"https:\/\/chinacars.cl\/index.php?rest_route=\/wp\/v2\/product\/1564","targetHints":{"allow":["GET"]}}],"collection":[{"href":"https:\/\/chinacars.cl\/index.php?rest_route=\/wp\/v2\/product"}],"about":[{"href":"https:\/\/chinacars.cl\/index.php?rest_route=\/wp\/v2\/types\/product"}],"replies":[{"embeddable":true,"href":"https:\/\/chinacars.cl\/index.php?rest_route=%2Fwp%2Fv2%2Fcomments&post=1564"}],"wp:featuredmedia":[{"embeddable":true,"href":"https:\/\/chinacars.cl\/index.php?rest_route=\/wp\/v2\/media\/1697"}],"wp:attachment":[{"href":"https:\/\/chinacars.cl\/index.php?rest_route=%2Fwp%2Fv2%2Fmedia&parent=1564"}],"wp:term":[{"taxonomy":"product_brand","embeddable":true,"href":"https:\/\/chinacars.cl\/index.php?rest_route=%2Fwp%2Fv2%2Fproduct_brand&post=1564"},{"taxonomy":"product_cat","embeddable":true,"href":"https:\/\/chinacars.cl\/index.php?rest_route=%2Fwp%2Fv2%2Fproduct_cat&post=1564"},{"taxonomy":"product_tag","embeddable":true,"href":"https:\/\/chinacars.cl\/index.php?rest_route=%2Fwp%2Fv2%2Fproduct_tag&post=1564"}],"curies":[{"name":"wp","href":"https:\/\/api.w.org\/{rel}","templated":true}]}}