{"id":1651,"date":"2025-11-21T01:25:14","date_gmt":"2025-11-21T00:25:14","guid":{"rendered":"https:\/\/chinacars.cl\/?post_type=product&#038;p=1651"},"modified":"2025-12-04T04:03:18","modified_gmt":"2025-12-04T03:03:18","slug":"filtro-aire-chev-cruze-1-8-alternativo","status":"publish","type":"product","link":"https:\/\/chinacars.cl\/?product=filtro-aire-chev-cruze-1-8-alternativo","title":{"rendered":"FILTRO AIRE CHEV CRUZE 1.8 &#8211; VOX ALTERNATIVO"},"content":{"rendered":"<p>En condiciones normales de conducci\u00f3n, se recomienda cambiar el filtro de aire cada 10,000, 15,000 a 30,000 kil\u00f3metros, pero esta cifra puede variar seg\u00fan las recomendaciones del fabricante del veh\u00edculo y el tipo de filtro.<\/p>\n<p>Si conduces en condiciones extremas, como \u00e1reas con altos niveles de polvo o polen, es posible que necesites cambiar el filtro de aire con m\u00e1s frecuencia para garantizar un rendimiento \u00f3ptimo del motor y una eficiencia de combustible adecuada.<\/p>\n<p>SKU 10007<\/p>\n","protected":false},"excerpt":{"rendered":"<p>Filtro de Aire VOX Chevrolet Cruze 1.8 2010-2016 &#8211; (Origen y fabricaci\u00f3n TECFIL Brasil).<\/p>\n","protected":false},"featured_media":1726,"comment_status":"open","ping_status":"closed","template":"","meta":[],"product_brand":[98],"product_cat":[26,27,25],"product_tag":[28,29,30],"class_list":{"0":"post-1651","1":"product","2":"type-product","3":"status-publish","4":"has-post-thumbnail","6":"product_brand-vox","7":"product_cat-chevrolet","8":"product_cat-filtros","9":"product_cat-filtros-de-aire","10":"product_tag-chevrolet","11":"product_tag-filtros","12":"product_tag-filtros-de-aire","14":"first","15":"instock","16":"shipping-taxable","17":"purchasable","18":"product-type-simple"},"jetpack_sharing_enabled":true,"_links":{"self":[{"href":"https:\/\/chinacars.cl\/index.php?rest_route=\/wp\/v2\/product\/1651","targetHints":{"allow":["GET"]}}],"collection":[{"href":"https:\/\/chinacars.cl\/index.php?rest_route=\/wp\/v2\/product"}],"about":[{"href":"https:\/\/chinacars.cl\/index.php?rest_route=\/wp\/v2\/types\/product"}],"replies":[{"embeddable":true,"href":"https:\/\/chinacars.cl\/index.php?rest_route=%2Fwp%2Fv2%2Fcomments&post=1651"}],"wp:featuredmedia":[{"embeddable":true,"href":"https:\/\/chinacars.cl\/index.php?rest_route=\/wp\/v2\/media\/1726"}],"wp:attachment":[{"href":"https:\/\/chinacars.cl\/index.php?rest_route=%2Fwp%2Fv2%2Fmedia&parent=1651"}],"wp:term":[{"taxonomy":"product_brand","embeddable":true,"href":"https:\/\/chinacars.cl\/index.php?rest_route=%2Fwp%2Fv2%2Fproduct_brand&post=1651"},{"taxonomy":"product_cat","embeddable":true,"href":"https:\/\/chinacars.cl\/index.php?rest_route=%2Fwp%2Fv2%2Fproduct_cat&post=1651"},{"taxonomy":"product_tag","embeddable":true,"href":"https:\/\/chinacars.cl\/index.php?rest_route=%2Fwp%2Fv2%2Fproduct_tag&post=1651"}],"curies":[{"name":"wp","href":"https:\/\/api.w.org\/{rel}","templated":true}]}}