{"id":407,"date":"2024-02-05T01:34:10","date_gmt":"2024-02-05T00:34:10","guid":{"rendered":"https:\/\/chinacars.cl\/?post_type=product&#038;p=407"},"modified":"2025-07-24T23:31:41","modified_gmt":"2025-07-24T21:31:41","slug":"filtro-de-polen-chev-tracker-1-8","status":"publish","type":"product","link":"https:\/\/chinacars.cl\/?product=filtro-de-polen-chev-tracker-1-8","title":{"rendered":"FILTRO POLEN CHEV TRACKER 1.8"},"content":{"rendered":"<p>En t\u00e9rminos generales, se recomienda cambiar el filtro de polen cada 15,000 a 30,000 kil\u00f3metros, o al menos una vez al a\u00f1o, pero esto puede variar seg\u00fan las recomendaciones del fabricante del veh\u00edculo y las condiciones ambientales locales.<\/p>\n<p>Si conduces en \u00e1reas con altos niveles de polvo, polen o contaminaci\u00f3n, es posible que necesites reemplazar el filtro con m\u00e1s frecuencia.<\/p>\n","protected":false},"excerpt":{"rendered":"<p>Filtro de Polen ACDelco Chevrolet Tracker 1.8 2013-2020<\/p>\n","protected":false},"featured_media":805,"comment_status":"open","ping_status":"closed","template":"","meta":[],"product_brand":[],"product_cat":[26,27,32],"product_tag":[28,29,36],"class_list":{"0":"post-407","1":"product","2":"type-product","3":"status-publish","4":"has-post-thumbnail","6":"product_cat-chevrolet","7":"product_cat-filtros","8":"product_cat-filtros-de-polen","9":"product_tag-chevrolet","10":"product_tag-filtros","11":"product_tag-filtros-de-polen","13":"first","14":"outofstock","15":"shipping-taxable","16":"purchasable","17":"product-type-simple"},"jetpack_sharing_enabled":true,"_links":{"self":[{"href":"https:\/\/chinacars.cl\/index.php?rest_route=\/wp\/v2\/product\/407","targetHints":{"allow":["GET"]}}],"collection":[{"href":"https:\/\/chinacars.cl\/index.php?rest_route=\/wp\/v2\/product"}],"about":[{"href":"https:\/\/chinacars.cl\/index.php?rest_route=\/wp\/v2\/types\/product"}],"replies":[{"embeddable":true,"href":"https:\/\/chinacars.cl\/index.php?rest_route=%2Fwp%2Fv2%2Fcomments&post=407"}],"wp:featuredmedia":[{"embeddable":true,"href":"https:\/\/chinacars.cl\/index.php?rest_route=\/wp\/v2\/media\/805"}],"wp:attachment":[{"href":"https:\/\/chinacars.cl\/index.php?rest_route=%2Fwp%2Fv2%2Fmedia&parent=407"}],"wp:term":[{"taxonomy":"product_brand","embeddable":true,"href":"https:\/\/chinacars.cl\/index.php?rest_route=%2Fwp%2Fv2%2Fproduct_brand&post=407"},{"taxonomy":"product_cat","embeddable":true,"href":"https:\/\/chinacars.cl\/index.php?rest_route=%2Fwp%2Fv2%2Fproduct_cat&post=407"},{"taxonomy":"product_tag","embeddable":true,"href":"https:\/\/chinacars.cl\/index.php?rest_route=%2Fwp%2Fv2%2Fproduct_tag&post=407"}],"curies":[{"name":"wp","href":"https:\/\/api.w.org\/{rel}","templated":true}]}}