{"id":411,"date":"2024-02-05T01:44:02","date_gmt":"2024-02-05T00:44:02","guid":{"rendered":"https:\/\/chinacars.cl\/?post_type=product&#038;p=411"},"modified":"2025-07-24T23:31:41","modified_gmt":"2025-07-24T21:31:41","slug":"filtro-de-combustible-chev-n300-1-2","status":"publish","type":"product","link":"https:\/\/chinacars.cl\/?product=filtro-de-combustible-chev-n300-1-2","title":{"rendered":"FILTRO COMBUSTIBLE CHEV N300 1.2"},"content":{"rendered":"<p>En general, se recomienda cambiar el filtro de combustible cada 20,000 a 40,000 kil\u00f3metros. Sin embargo, este intervalo puede variar y es importante seguir las recomendaciones espec\u00edficas del fabricante que se encuentran en el manual del propietario del veh\u00edculo.<\/p>\n<p>El tiempo promedio de duraci\u00f3n de un filtro de combustible automotriz puede variar seg\u00fan las condiciones de conducci\u00f3n, la calidad del combustible y las recomendaciones del fabricante del veh\u00edculo.<\/p>\n","protected":false},"excerpt":{"rendered":"<p>Filtro de Combustible ACDelco Chevrolet N300 1.4 2011-2019<\/p>\n","protected":false},"featured_media":913,"comment_status":"open","ping_status":"closed","template":"","meta":[],"product_brand":[],"product_cat":[26,27,33],"product_tag":[28,29,35],"class_list":{"0":"post-411","1":"product","2":"type-product","3":"status-publish","4":"has-post-thumbnail","6":"product_cat-chevrolet","7":"product_cat-filtros","8":"product_cat-filtros-de-combustible","9":"product_tag-chevrolet","10":"product_tag-filtros","11":"product_tag-filtros-de-combustible","13":"first","14":"outofstock","15":"shipping-taxable","16":"purchasable","17":"product-type-simple"},"jetpack_sharing_enabled":true,"_links":{"self":[{"href":"https:\/\/chinacars.cl\/index.php?rest_route=\/wp\/v2\/product\/411","targetHints":{"allow":["GET"]}}],"collection":[{"href":"https:\/\/chinacars.cl\/index.php?rest_route=\/wp\/v2\/product"}],"about":[{"href":"https:\/\/chinacars.cl\/index.php?rest_route=\/wp\/v2\/types\/product"}],"replies":[{"embeddable":true,"href":"https:\/\/chinacars.cl\/index.php?rest_route=%2Fwp%2Fv2%2Fcomments&post=411"}],"wp:featuredmedia":[{"embeddable":true,"href":"https:\/\/chinacars.cl\/index.php?rest_route=\/wp\/v2\/media\/913"}],"wp:attachment":[{"href":"https:\/\/chinacars.cl\/index.php?rest_route=%2Fwp%2Fv2%2Fmedia&parent=411"}],"wp:term":[{"taxonomy":"product_brand","embeddable":true,"href":"https:\/\/chinacars.cl\/index.php?rest_route=%2Fwp%2Fv2%2Fproduct_brand&post=411"},{"taxonomy":"product_cat","embeddable":true,"href":"https:\/\/chinacars.cl\/index.php?rest_route=%2Fwp%2Fv2%2Fproduct_cat&post=411"},{"taxonomy":"product_tag","embeddable":true,"href":"https:\/\/chinacars.cl\/index.php?rest_route=%2Fwp%2Fv2%2Fproduct_tag&post=411"}],"curies":[{"name":"wp","href":"https:\/\/api.w.org\/{rel}","templated":true}]}}