{"id":569,"date":"2024-02-12T01:37:02","date_gmt":"2024-02-12T00:37:02","guid":{"rendered":"https:\/\/chinacars.cl\/?post_type=product&#038;p=569"},"modified":"2025-07-24T23:29:42","modified_gmt":"2025-07-24T21:29:42","slug":"bujia-chev-optra-1-6","status":"publish","type":"product","link":"https:\/\/chinacars.cl\/?product=bujia-chev-optra-1-6","title":{"rendered":"BUJ\u00cdA CHEV OPTRA 1.6"},"content":{"rendered":"<p>La buj\u00eda es la encargada de generar una chispa el\u00e9ctrica en la c\u00e1mara de combusti\u00f3n del motor. Esta chispa inflama la mezcla de aire y combustible, iniciando as\u00ed la combusti\u00f3n y permitiendo que el motor funcione.<\/p>\n<p>La duraci\u00f3n promedio de una buj\u00eda automotriz puede variar dependiendo de varios factores, como el tipo de buj\u00eda, la calidad de los materiales, el dise\u00f1o del motor y las condiciones de conducci\u00f3n. En condiciones normales de manejo, las buj\u00edas convencionales suelen durar entre 30,000 y 50,000 kil\u00f3metros. Sin embargo, las buj\u00edas de iridio o platino, que son m\u00e1s duraderas, pueden tener una vida \u00fatil m\u00e1s larga, generalmente entre 80,000 y 100,000 kil\u00f3metros o incluso m\u00e1s.<\/p>\n","protected":false},"excerpt":{"rendered":"<p>Buj\u00eda ACDelco Original Chevrolet Optra 1.6 2007-2013<\/p>\n","protected":false},"featured_media":570,"comment_status":"open","ping_status":"closed","template":"","meta":[],"product_brand":[],"product_cat":[38,26,37],"product_tag":[16,28],"class_list":{"0":"post-569","1":"product","2":"type-product","3":"status-publish","4":"has-post-thumbnail","6":"product_cat-bujias","7":"product_cat-chevrolet","8":"product_cat-encendido","9":"product_tag-bujias-encendido","10":"product_tag-chevrolet","12":"first","13":"outofstock","14":"shipping-taxable","15":"purchasable","16":"product-type-simple"},"jetpack_sharing_enabled":true,"_links":{"self":[{"href":"https:\/\/chinacars.cl\/index.php?rest_route=\/wp\/v2\/product\/569","targetHints":{"allow":["GET"]}}],"collection":[{"href":"https:\/\/chinacars.cl\/index.php?rest_route=\/wp\/v2\/product"}],"about":[{"href":"https:\/\/chinacars.cl\/index.php?rest_route=\/wp\/v2\/types\/product"}],"replies":[{"embeddable":true,"href":"https:\/\/chinacars.cl\/index.php?rest_route=%2Fwp%2Fv2%2Fcomments&post=569"}],"wp:featuredmedia":[{"embeddable":true,"href":"https:\/\/chinacars.cl\/index.php?rest_route=\/wp\/v2\/media\/570"}],"wp:attachment":[{"href":"https:\/\/chinacars.cl\/index.php?rest_route=%2Fwp%2Fv2%2Fmedia&parent=569"}],"wp:term":[{"taxonomy":"product_brand","embeddable":true,"href":"https:\/\/chinacars.cl\/index.php?rest_route=%2Fwp%2Fv2%2Fproduct_brand&post=569"},{"taxonomy":"product_cat","embeddable":true,"href":"https:\/\/chinacars.cl\/index.php?rest_route=%2Fwp%2Fv2%2Fproduct_cat&post=569"},{"taxonomy":"product_tag","embeddable":true,"href":"https:\/\/chinacars.cl\/index.php?rest_route=%2Fwp%2Fv2%2Fproduct_tag&post=569"}],"curies":[{"name":"wp","href":"https:\/\/api.w.org\/{rel}","templated":true}]}}