{"id":726,"date":"2024-03-06T04:14:00","date_gmt":"2024-03-06T03:14:00","guid":{"rendered":"https:\/\/chinacars.cl\/?post_type=product&#038;p=726"},"modified":"2025-07-24T23:23:07","modified_gmt":"2025-07-24T21:23:07","slug":"kit-plumillas-chev-onix-1-4","status":"publish","type":"product","link":"https:\/\/chinacars.cl\/?product=kit-plumillas-chev-onix-1-4","title":{"rendered":"KIT PLUMILLAS CHEV ONIX 1.4"},"content":{"rendered":"<p>En general, se recomienda reemplazar las plumillas del limpiaparabrisas cada 6 meses a 1 a\u00f1o para asegurar un rendimiento \u00f3ptimo. Sin embargo, es importante estar atento a se\u00f1ales de desgaste como rayas en el parabrisas, chirridos al limpiar o una limpieza insuficiente. Si notas alguno de estos signos, es hora de reemplazar las plumillas del limpiaparabrisas. Adem\u00e1s, limpiar regularmente las plumillas y mantener el parabrisas limpio puede ayudar a prolongar su vida \u00fatil.<\/p>\n<p>Las plumillas del limpiaparabrisas de un autom\u00f3vil tienen una vida \u00fatil variable, dependiendo de factores como la calidad de las plumillas, las condiciones clim\u00e1ticas, el uso y el mantenimiento adecuado del veh\u00edculo.<\/p>\n","protected":false},"excerpt":{"rendered":"<p>Kit Plumillas ACDelco Original Chevrolet Onix 1.4 2017-2020<\/p>\n","protected":false},"featured_media":885,"comment_status":"open","ping_status":"closed","template":"","meta":[],"product_brand":[],"product_cat":[26,40],"product_tag":[16,28],"class_list":{"0":"post-726","1":"product","2":"type-product","3":"status-publish","4":"has-post-thumbnail","6":"product_cat-chevrolet","7":"product_cat-plumillas","8":"product_tag-bujias-encendido","9":"product_tag-chevrolet","11":"first","12":"outofstock","13":"shipping-taxable","14":"purchasable","15":"product-type-simple"},"jetpack_sharing_enabled":true,"_links":{"self":[{"href":"https:\/\/chinacars.cl\/index.php?rest_route=\/wp\/v2\/product\/726","targetHints":{"allow":["GET"]}}],"collection":[{"href":"https:\/\/chinacars.cl\/index.php?rest_route=\/wp\/v2\/product"}],"about":[{"href":"https:\/\/chinacars.cl\/index.php?rest_route=\/wp\/v2\/types\/product"}],"replies":[{"embeddable":true,"href":"https:\/\/chinacars.cl\/index.php?rest_route=%2Fwp%2Fv2%2Fcomments&post=726"}],"wp:featuredmedia":[{"embeddable":true,"href":"https:\/\/chinacars.cl\/index.php?rest_route=\/wp\/v2\/media\/885"}],"wp:attachment":[{"href":"https:\/\/chinacars.cl\/index.php?rest_route=%2Fwp%2Fv2%2Fmedia&parent=726"}],"wp:term":[{"taxonomy":"product_brand","embeddable":true,"href":"https:\/\/chinacars.cl\/index.php?rest_route=%2Fwp%2Fv2%2Fproduct_brand&post=726"},{"taxonomy":"product_cat","embeddable":true,"href":"https:\/\/chinacars.cl\/index.php?rest_route=%2Fwp%2Fv2%2Fproduct_cat&post=726"},{"taxonomy":"product_tag","embeddable":true,"href":"https:\/\/chinacars.cl\/index.php?rest_route=%2Fwp%2Fv2%2Fproduct_tag&post=726"}],"curies":[{"name":"wp","href":"https:\/\/api.w.org\/{rel}","templated":true}]}}